{"id":1971,"date":"2023-01-11T17:48:02","date_gmt":"2023-01-11T23:48:02","guid":{"rendered":"https:\/\/sotzil-guatemaya.org\/our-work\/mujeres-indigenas\/"},"modified":"2023-03-06T19:39:50","modified_gmt":"2023-03-07T01:39:50","slug":"indigenous-women","status":"publish","type":"page","link":"https:\/\/sotzil-guatemaya.org\/en\/our-work\/indigenous-women\/","title":{"rendered":"Indigenous Women"},"content":{"rendered":"\n<div class=\"wp-block-cover is-light\" style=\"padding-top:0;padding-right:0;padding-bottom:0;padding-left:0;min-height:50px\"><span aria-hidden=\"true\" class=\"wp-block-cover__background has-sotzil-cane-background-color has-background-dim-100 has-background-dim\"><\/span><div class=\"wp-block-cover__inner-container\">\n<div class=\"wp-block-cover is-light is-repeated\" style=\"padding-top:0;padding-right:0;padding-bottom:0;padding-left:0;min-height:50px\"><span aria-hidden=\"true\" class=\"wp-block-cover__background has-background-dim-0 has-background-dim\"><\/span><div role=\"img\" class=\"wp-block-cover__image-background wp-image-134 is-repeated\" style=\"background-position:50% 50%;background-image:url(https:\/\/sotzil-guatemaya.org\/wp-content\/uploads\/2022\/12\/textura01.png)\"><\/div><div class=\"wp-block-cover__inner-container\">\n<div aria-hidden=\"true\" class=\"wp-block-fsb-flexible-spacer fsb-flexible-spacer\"><div class=\"fsb-flexible-spacer__device fsb-flexible-spacer__device--lg\" style=\"height:150px\"><\/div><div class=\"fsb-flexible-spacer__device fsb-flexible-spacer__device--md\" style=\"height:64px\"><\/div><div class=\"fsb-flexible-spacer__device fsb-flexible-spacer__device--sm\" style=\"height:42px\"><\/div><\/div>\n\n\n<section id=\"block_e16f6deb6a16e40d2ac5bb0c0e1ef891\" class=\"section hero-title \">\n  <div class=\"container--medium\">\n    <h1 class=\"hero-title__text\"  style=\"color: #008143;\" >\n      Indigenous Women    <\/h1>\n      <\/div>\n<\/section>\n\n\n<div aria-hidden=\"true\" class=\"wp-block-fsb-flexible-spacer fsb-flexible-spacer\"><div class=\"fsb-flexible-spacer__device fsb-flexible-spacer__device--lg\" style=\"height:220px\"><\/div><div class=\"fsb-flexible-spacer__device fsb-flexible-spacer__device--md\" style=\"height:64px\"><\/div><div class=\"fsb-flexible-spacer__device fsb-flexible-spacer__device--sm\" style=\"height:32px\"><\/div><\/div>\n<\/div><\/div>\n\n\n<section id=\"block_e3845fa7657df2f2ad1565d67b8f5077\" class=\"section icon-section \">\n  <img decoding=\"async\" loading=\"lazy\" src=\"https:\/\/sotzil-guatemaya.org\/wp-content\/uploads\/2022\/12\/etiqueta-flecha-roja.png\" alt=\"\">\n<\/section><\/div><\/div>\n\n\n<div id=\"block_3cf3c67def924c0b7868226dfe4a3080\" class=\"block-container \">\n  \n\n<div aria-hidden=\"true\" class=\"wp-block-fsb-flexible-spacer fsb-flexible-spacer\"><div class=\"fsb-flexible-spacer__device fsb-flexible-spacer__device--lg\" style=\"height:75px\"><\/div><div class=\"fsb-flexible-spacer__device fsb-flexible-spacer__device--md\" style=\"height:64px\"><\/div><div class=\"fsb-flexible-spacer__device fsb-flexible-spacer__device--sm\" style=\"height:32px\"><\/div><\/div>\n\n\n\n<p>We promote the participation and empowerment of Indigenous Women through our gender equality policy.<\/p>\n<p>All of our plans, programs and projects are based on gender equity and contemplate values and principles of the Mayan cosmovision.<\/p>\n<p>We create and promote spaces for participation with a gender perspective in the planning, design, coordination and execution of community projects, both national and international.<\/p>\n<p>We promote the participation of indigenous women in spaces for dialogue, advocacy and negotiation at regional, national and international levels.<\/p>\n<p>We support local and organizational processes of women entrepreneurs in the Kaqchikel Volcanic Chain through the promotion and strengthening of processes of recognition and enforcement of their rights with a focus on the use, management and conservation of natural resources.<\/p>\n\n\n\n<div aria-hidden=\"true\" class=\"wp-block-fsb-flexible-spacer fsb-flexible-spacer\"><div class=\"fsb-flexible-spacer__device fsb-flexible-spacer__device--lg\" style=\"height:20px\"><\/div><div class=\"fsb-flexible-spacer__device fsb-flexible-spacer__device--md\" style=\"height:20px\"><\/div><div class=\"fsb-flexible-spacer__device fsb-flexible-spacer__device--sm\" style=\"height:20px\"><\/div><\/div>\n\n\n\n<figure class=\"wp-block-image size-full\"><img decoding=\"async\" loading=\"lazy\" width=\"1023\" height=\"766\" src=\"https:\/\/sotzil-guatemaya.org\/wp-content\/uploads\/2023\/03\/retrato-de-mujeres-indigenas-del-mundo.jpeg\" alt=\"Retrato de mujeres indi\u0301genas del mundo\" class=\"wp-image-2388\"\/><\/figure>\n\n\n\n<div aria-hidden=\"true\" class=\"wp-block-fsb-flexible-spacer fsb-flexible-spacer\"><div class=\"fsb-flexible-spacer__device fsb-flexible-spacer__device--lg\" style=\"height:20px\"><\/div><div class=\"fsb-flexible-spacer__device fsb-flexible-spacer__device--md\" style=\"height:20px\"><\/div><div class=\"fsb-flexible-spacer__device fsb-flexible-spacer__device--sm\" style=\"height:20px\"><\/div><\/div>\n\n\n\n<p><strong>Our work is based on:<\/strong><\/p>\n\n\n\n<div aria-hidden=\"true\" class=\"wp-block-fsb-flexible-spacer fsb-flexible-spacer\"><div class=\"fsb-flexible-spacer__device fsb-flexible-spacer__device--lg\" style=\"height:12px\"><\/div><div class=\"fsb-flexible-spacer__device fsb-flexible-spacer__device--md\" style=\"height:12px\"><\/div><div class=\"fsb-flexible-spacer__device fsb-flexible-spacer__device--sm\" style=\"height:12px\"><\/div><\/div>\n\n\n\n<section id=\"block_faaab3bf78c68f19b78717f5621756ec\" class=\"section content-columns \">\n  <div class=\"container\">\n    \n    \n    <div class=\"content-columns__items\">\n      <div class=\"content-columns__item\">\n      <div class=\"content-columns__item-image-wrapper\">\n      <div class=\"content-columns__item-image-border\"  style=\"border-color: #005cb9;\" >\n        <img decoding=\"async\" src=\"data:image\/png;base64,iVBORw0KGgoAAAANSUhEUgAAAAEAAAABCAQAAAC1HAwCAAAAC0lEQVR42mNkYAAAAAYAAjCB0C8AAAAASUVORK5CYII=\">\n      <\/div>\n      <img decoding=\"async\" class=\"content-columns__item-image\" loading=\"lazy\" src=\"https:\/\/sotzil-guatemaya.org\/wp-content\/uploads\/2023\/02\/mujer-indigena-trabajando-en-el-campo-con-heno-guatemala.jpeg\" alt=\"Mujer indi\u0301gena trabajando en el campo con heno, Guatemala.\"  style=\"border-color: #005cb9;\" >\n    <\/div>\n  \n      <div class=\"content-columns__item-title\">\n      Capacity building    <\/div>\n  \n  \n  <\/div><div class=\"content-columns__item\">\n      <div class=\"content-columns__item-image-wrapper\">\n      <div class=\"content-columns__item-image-border\"  style=\"border-color: #005cb9;\" >\n        <img decoding=\"async\" src=\"data:image\/png;base64,iVBORw0KGgoAAAANSUhEUgAAAAEAAAABCAQAAAC1HAwCAAAAC0lEQVR42mNkYAAAAAYAAjCB0C8AAAAASUVORK5CYII=\">\n      <\/div>\n      <img decoding=\"async\" class=\"content-columns__item-image\" loading=\"lazy\" src=\"https:\/\/sotzil-guatemaya.org\/wp-content\/uploads\/2023\/02\/mujeres-indigenas-mayas-con-vestimentas-tradicionales-guatemala.jpeg\" alt=\"Mujeres indi\u0301genas mayas con vestimentas tradicionales, Guatemala.\"  style=\"border-color: #005cb9;\" >\n    <\/div>\n  \n      <div class=\"content-columns__item-title\">\n      Technical assistance    <\/div>\n  \n  \n  <\/div><div class=\"content-columns__item\">\n      <div class=\"content-columns__item-image-wrapper\">\n      <div class=\"content-columns__item-image-border\"  style=\"border-color: #005cb9;\" >\n        <img decoding=\"async\" src=\"data:image\/png;base64,iVBORw0KGgoAAAANSUhEUgAAAAEAAAABCAQAAAC1HAwCAAAAC0lEQVR42mNkYAAAAAYAAjCB0C8AAAAASUVORK5CYII=\">\n      <\/div>\n      <img decoding=\"async\" class=\"content-columns__item-image\" loading=\"lazy\" src=\"https:\/\/sotzil-guatemaya.org\/wp-content\/uploads\/2023\/02\/mujeres-indigenas-mayas-repartiendo-alimentos-guatemala.jpeg\" alt=\"Mujeres indi\u0301genas mayas repartiendo alimentos, Guatemala.\"  style=\"border-color: #005cb9;\" >\n    <\/div>\n  \n      <div class=\"content-columns__item-title\">\n      Community investment for their local economic enterprises    <\/div>\n  \n  \n  <\/div>    <\/div>\n  <\/div>\n<\/section>\n\n\n<div aria-hidden=\"true\" class=\"wp-block-fsb-flexible-spacer fsb-flexible-spacer\"><div class=\"fsb-flexible-spacer__device fsb-flexible-spacer__device--lg\" style=\"height:40px\"><\/div><div class=\"fsb-flexible-spacer__device fsb-flexible-spacer__device--md\" style=\"height:24px\"><\/div><div class=\"fsb-flexible-spacer__device fsb-flexible-spacer__device--sm\" style=\"height:24px\"><\/div><\/div>\n\n\n\n<p><strong>Through our model we have achieved:<\/strong><\/p>\n<ul>\n<li>Traditional medical attention to the population based on the knowledge and practices of the Mayan cosmovision<\/li>\n<li>Traditional roduction and commercialization of traditional medicinal plants<\/li>\n<li>Production and commercialization of organic fertilizer<\/li>\n<li>Elaboration and commercialization of Mayan textiles from the region<\/li>\n<li>Traditional production and commercialization of honey from melipona bees<\/li>\n<li>Conservation and in vitro reproduction of endemic and endangered species<\/li>\n<li>In vitro production and commercialization of ornamental, forest and fruit plants<\/li>\n<li>Traditional production of native forest species and sale of pylons<\/li>\n<\/ul>\n\n\n\n<div aria-hidden=\"true\" class=\"wp-block-fsb-flexible-spacer fsb-flexible-spacer\"><div class=\"fsb-flexible-spacer__device fsb-flexible-spacer__device--lg\" style=\"height:20px\"><\/div><div class=\"fsb-flexible-spacer__device fsb-flexible-spacer__device--md\" style=\"height:20px\"><\/div><div class=\"fsb-flexible-spacer__device fsb-flexible-spacer__device--sm\" style=\"height:20px\"><\/div><\/div>\n\n\n\n<figure class=\"wp-block-image size-full\"><img decoding=\"async\" loading=\"lazy\" width=\"1024\" height=\"730\" src=\"https:\/\/sotzil-guatemaya.org\/wp-content\/uploads\/2023\/02\/retrato-de-mujeres-indigena-mayas-con-vestimentas-tradicionales-guatemala.jpeg\" alt=\"Retrato de mujeres indi\u0301gena mayas con vestimentas tradicionales, Guatemala.\" class=\"wp-image-1661\"\/><\/figure>\n\n\n\n<div aria-hidden=\"true\" class=\"wp-block-fsb-flexible-spacer fsb-flexible-spacer\"><div class=\"fsb-flexible-spacer__device fsb-flexible-spacer__device--lg\" style=\"height:20px\"><\/div><div class=\"fsb-flexible-spacer__device fsb-flexible-spacer__device--md\" style=\"height:20px\"><\/div><div class=\"fsb-flexible-spacer__device fsb-flexible-spacer__device--sm\" style=\"height:20px\"><\/div><\/div>\n\n\n\n<div class=\"wp-block-columns is-layout-flex wp-container-4\" style=\"padding-top:0;padding-right:0;padding-bottom:0;padding-left:0\">\n<div class=\"wp-block-column is-layout-flow\" style=\"flex-basis:25%\"><\/div>\n\n\n\n<div class=\"wp-block-column is-layout-flow\" style=\"flex-basis:50%\">\n<p class=\"has-text-align-center font--roboto-slab has-sotzil-blue-color has-text-color\" style=\"font-size:28px\"><strong>Our motivation is to strengthen traditional knowledge and practices and to promote sustainable family and community economic models for <em>Good Living<\/em>.<\/strong><\/p>\n<\/div>\n\n\n\n<div class=\"wp-block-column is-layout-flow\" style=\"flex-basis:25%\"><\/div>\n<\/div>\n\n\n\n<div aria-hidden=\"true\" class=\"wp-block-fsb-flexible-spacer fsb-flexible-spacer\"><div class=\"fsb-flexible-spacer__device fsb-flexible-spacer__device--lg\" style=\"height:48px\"><\/div><div class=\"fsb-flexible-spacer__device fsb-flexible-spacer__device--md\" style=\"height:32px\"><\/div><div class=\"fsb-flexible-spacer__device fsb-flexible-spacer__device--sm\" style=\"height:24px\"><\/div><\/div>\n\n\n<\/div>","protected":false},"excerpt":{"rendered":"","protected":false},"author":1,"featured_media":0,"parent":1904,"menu_order":0,"comment_status":"closed","ping_status":"closed","template":"","meta":[],"acf":[],"yoast_head":"<!-- This site is optimized with the Yoast SEO plugin v20.5 - https:\/\/yoast.com\/wordpress\/plugins\/seo\/ -->\n<title>Indigenous Women - Sotz\u2019il<\/title>\n<meta name=\"description\" content=\"Promoting the participation and empowerment of Indigenous women from a perspective of gender equality and the values and principles of the Mayan cosmovision.\" \/>\n<meta name=\"robots\" content=\"index, follow, max-snippet:-1, max-image-preview:large, max-video-preview:-1\" \/>\n<link rel=\"canonical\" href=\"https:\/\/sotzil-guatemaya.org\/en\/our-work\/indigenous-women\/\" \/>\n<meta property=\"og:locale\" content=\"en_US\" \/>\n<meta property=\"og:type\" content=\"article\" \/>\n<meta property=\"og:title\" content=\"Indigenous Women - Sotz\u2019il\" \/>\n<meta property=\"og:description\" content=\"Promoting the participation and empowerment of Indigenous women from a perspective of gender equality and the values and principles of the Mayan cosmovision.\" \/>\n<meta property=\"og:url\" content=\"https:\/\/sotzil-guatemaya.org\/en\/our-work\/indigenous-women\/\" \/>\n<meta property=\"og:site_name\" content=\"Sotz\u2019il\" \/>\n<meta property=\"article:publisher\" content=\"https:\/\/www.facebook.com\/Sotzil\" \/>\n<meta property=\"article:modified_time\" content=\"2023-03-07T01:39:50+00:00\" \/>\n<meta property=\"og:image\" content=\"https:\/\/sotzil-guatemaya.org\/wp-content\/uploads\/2023\/03\/retrato-de-mujeres-indigenas-del-mundo.jpeg\" \/>\n<meta name=\"twitter:card\" content=\"summary_large_image\" \/>\n<meta name=\"twitter:site\" content=\"@SOTZIL_MAYA\" \/>\n<meta name=\"twitter:label1\" content=\"Est. reading time\" \/>\n\t<meta name=\"twitter:data1\" content=\"2 minutes\" \/>\n<script type=\"application\/ld+json\" class=\"yoast-schema-graph\">{\"@context\":\"https:\/\/schema.org\",\"@graph\":[{\"@type\":\"WebPage\",\"@id\":\"https:\/\/sotzil-guatemaya.org\/en\/our-work\/indigenous-women\/\",\"url\":\"https:\/\/sotzil-guatemaya.org\/en\/our-work\/indigenous-women\/\",\"name\":\"Indigenous Women - Sotz\u2019il\",\"isPartOf\":{\"@id\":\"https:\/\/sotzil-guatemaya.org\/en\/#website\"},\"datePublished\":\"2023-01-11T23:48:02+00:00\",\"dateModified\":\"2023-03-07T01:39:50+00:00\",\"description\":\"Promoting the participation and empowerment of Indigenous women from a perspective of gender equality and the values and principles of the Mayan cosmovision.\",\"breadcrumb\":{\"@id\":\"https:\/\/sotzil-guatemaya.org\/en\/our-work\/indigenous-women\/#breadcrumb\"},\"inLanguage\":\"en-US\",\"potentialAction\":[{\"@type\":\"ReadAction\",\"target\":[\"https:\/\/sotzil-guatemaya.org\/en\/our-work\/indigenous-women\/\"]}]},{\"@type\":\"BreadcrumbList\",\"@id\":\"https:\/\/sotzil-guatemaya.org\/en\/our-work\/indigenous-women\/#breadcrumb\",\"itemListElement\":[{\"@type\":\"ListItem\",\"position\":1,\"name\":\"Home\",\"item\":\"https:\/\/sotzil-guatemaya.org\/en\/\"},{\"@type\":\"ListItem\",\"position\":2,\"name\":\"Our work\",\"item\":\"https:\/\/sotzil-guatemaya.org\/en\/our-work\/\"},{\"@type\":\"ListItem\",\"position\":3,\"name\":\"Indigenous Women\"}]},{\"@type\":\"WebSite\",\"@id\":\"https:\/\/sotzil-guatemaya.org\/en\/#website\",\"url\":\"https:\/\/sotzil-guatemaya.org\/en\/\",\"name\":\"Sotz\u2019il\",\"description\":\"Somos una organizaci\u00f3n ind\u00edgena sustentada en principios y valores de la cosmovisi\u00f3n maya.\",\"publisher\":{\"@id\":\"https:\/\/sotzil-guatemaya.org\/en\/#organization\"},\"potentialAction\":[{\"@type\":\"SearchAction\",\"target\":{\"@type\":\"EntryPoint\",\"urlTemplate\":\"https:\/\/sotzil-guatemaya.org\/en\/?s={search_term_string}\"},\"query-input\":\"required name=search_term_string\"}],\"inLanguage\":\"en-US\"},{\"@type\":\"Organization\",\"@id\":\"https:\/\/sotzil-guatemaya.org\/en\/#organization\",\"name\":\"Sotz\u2019il\",\"url\":\"https:\/\/sotzil-guatemaya.org\/en\/\",\"logo\":{\"@type\":\"ImageObject\",\"inLanguage\":\"en-US\",\"@id\":\"https:\/\/sotzil-guatemaya.org\/en\/#\/schema\/logo\/image\/\",\"url\":\"https:\/\/sotzil-guatemaya.org\/wp-content\/uploads\/2022\/12\/logo.png\",\"contentUrl\":\"https:\/\/sotzil-guatemaya.org\/wp-content\/uploads\/2022\/12\/logo.png\",\"width\":854,\"height\":306,\"caption\":\"Sotz\u2019il\"},\"image\":{\"@id\":\"https:\/\/sotzil-guatemaya.org\/en\/#\/schema\/logo\/image\/\"},\"sameAs\":[\"https:\/\/www.facebook.com\/Sotzil\",\"https:\/\/twitter.com\/SOTZIL_MAYA\",\"https:\/\/www.youtube.com\/@sotzilguatemaya6898\"]}]}<\/script>\n<!-- \/ Yoast SEO plugin. -->","yoast_head_json":{"title":"Indigenous Women - Sotz\u2019il","description":"Promoting the participation and empowerment of Indigenous women from a perspective of gender equality and the values and principles of the Mayan cosmovision.","robots":{"index":"index","follow":"follow","max-snippet":"max-snippet:-1","max-image-preview":"max-image-preview:large","max-video-preview":"max-video-preview:-1"},"canonical":"https:\/\/sotzil-guatemaya.org\/en\/our-work\/indigenous-women\/","og_locale":"en_US","og_type":"article","og_title":"Indigenous Women - Sotz\u2019il","og_description":"Promoting the participation and empowerment of Indigenous women from a perspective of gender equality and the values and principles of the Mayan cosmovision.","og_url":"https:\/\/sotzil-guatemaya.org\/en\/our-work\/indigenous-women\/","og_site_name":"Sotz\u2019il","article_publisher":"https:\/\/www.facebook.com\/Sotzil","article_modified_time":"2023-03-07T01:39:50+00:00","og_image":[{"url":"https:\/\/sotzil-guatemaya.org\/wp-content\/uploads\/2023\/03\/retrato-de-mujeres-indigenas-del-mundo.jpeg"}],"twitter_card":"summary_large_image","twitter_site":"@SOTZIL_MAYA","twitter_misc":{"Est. reading time":"2 minutes"},"schema":{"@context":"https:\/\/schema.org","@graph":[{"@type":"WebPage","@id":"https:\/\/sotzil-guatemaya.org\/en\/our-work\/indigenous-women\/","url":"https:\/\/sotzil-guatemaya.org\/en\/our-work\/indigenous-women\/","name":"Indigenous Women - Sotz\u2019il","isPartOf":{"@id":"https:\/\/sotzil-guatemaya.org\/en\/#website"},"datePublished":"2023-01-11T23:48:02+00:00","dateModified":"2023-03-07T01:39:50+00:00","description":"Promoting the participation and empowerment of Indigenous women from a perspective of gender equality and the values and principles of the Mayan cosmovision.","breadcrumb":{"@id":"https:\/\/sotzil-guatemaya.org\/en\/our-work\/indigenous-women\/#breadcrumb"},"inLanguage":"en-US","potentialAction":[{"@type":"ReadAction","target":["https:\/\/sotzil-guatemaya.org\/en\/our-work\/indigenous-women\/"]}]},{"@type":"BreadcrumbList","@id":"https:\/\/sotzil-guatemaya.org\/en\/our-work\/indigenous-women\/#breadcrumb","itemListElement":[{"@type":"ListItem","position":1,"name":"Home","item":"https:\/\/sotzil-guatemaya.org\/en\/"},{"@type":"ListItem","position":2,"name":"Our work","item":"https:\/\/sotzil-guatemaya.org\/en\/our-work\/"},{"@type":"ListItem","position":3,"name":"Indigenous Women"}]},{"@type":"WebSite","@id":"https:\/\/sotzil-guatemaya.org\/en\/#website","url":"https:\/\/sotzil-guatemaya.org\/en\/","name":"Sotz\u2019il","description":"Somos una organizaci\u00f3n ind\u00edgena sustentada en principios y valores de la cosmovisi\u00f3n maya.","publisher":{"@id":"https:\/\/sotzil-guatemaya.org\/en\/#organization"},"potentialAction":[{"@type":"SearchAction","target":{"@type":"EntryPoint","urlTemplate":"https:\/\/sotzil-guatemaya.org\/en\/?s={search_term_string}"},"query-input":"required name=search_term_string"}],"inLanguage":"en-US"},{"@type":"Organization","@id":"https:\/\/sotzil-guatemaya.org\/en\/#organization","name":"Sotz\u2019il","url":"https:\/\/sotzil-guatemaya.org\/en\/","logo":{"@type":"ImageObject","inLanguage":"en-US","@id":"https:\/\/sotzil-guatemaya.org\/en\/#\/schema\/logo\/image\/","url":"https:\/\/sotzil-guatemaya.org\/wp-content\/uploads\/2022\/12\/logo.png","contentUrl":"https:\/\/sotzil-guatemaya.org\/wp-content\/uploads\/2022\/12\/logo.png","width":854,"height":306,"caption":"Sotz\u2019il"},"image":{"@id":"https:\/\/sotzil-guatemaya.org\/en\/#\/schema\/logo\/image\/"},"sameAs":["https:\/\/www.facebook.com\/Sotzil","https:\/\/twitter.com\/SOTZIL_MAYA","https:\/\/www.youtube.com\/@sotzilguatemaya6898"]}]}},"_links":{"self":[{"href":"https:\/\/sotzil-guatemaya.org\/en\/wp-json\/wp\/v2\/pages\/1971"}],"collection":[{"href":"https:\/\/sotzil-guatemaya.org\/en\/wp-json\/wp\/v2\/pages"}],"about":[{"href":"https:\/\/sotzil-guatemaya.org\/en\/wp-json\/wp\/v2\/types\/page"}],"author":[{"embeddable":true,"href":"https:\/\/sotzil-guatemaya.org\/en\/wp-json\/wp\/v2\/users\/1"}],"replies":[{"embeddable":true,"href":"https:\/\/sotzil-guatemaya.org\/en\/wp-json\/wp\/v2\/comments?post=1971"}],"version-history":[{"count":4,"href":"https:\/\/sotzil-guatemaya.org\/en\/wp-json\/wp\/v2\/pages\/1971\/revisions"}],"predecessor-version":[{"id":2392,"href":"https:\/\/sotzil-guatemaya.org\/en\/wp-json\/wp\/v2\/pages\/1971\/revisions\/2392"}],"up":[{"embeddable":true,"href":"https:\/\/sotzil-guatemaya.org\/en\/wp-json\/wp\/v2\/pages\/1904"}],"wp:attachment":[{"href":"https:\/\/sotzil-guatemaya.org\/en\/wp-json\/wp\/v2\/media?parent=1971"}],"curies":[{"name":"wp","href":"https:\/\/api.w.org\/{rel}","templated":true}]}}