{"id":1994,"date":"2023-01-01T13:53:25","date_gmt":"2023-01-01T19:53:25","guid":{"rendered":"https:\/\/sotzil-guatemaya.org\/geoportal\/"},"modified":"2023-02-27T21:23:45","modified_gmt":"2023-02-28T03:23:45","slug":"geoportal","status":"publish","type":"page","link":"https:\/\/sotzil-guatemaya.org\/en\/geoportal\/","title":{"rendered":"Geoportal"},"content":{"rendered":"\n<div class=\"wp-block-cover\" style=\"padding-top:0;padding-right:0;padding-bottom:0;padding-left:0;min-height:50px\"><span aria-hidden=\"true\" class=\"wp-block-cover__background has-sotzil-blue-background-color has-background-dim-100 has-background-dim\"><\/span><div class=\"wp-block-cover__inner-container\">\n<div class=\"wp-block-cover is-repeated\" style=\"padding-top:0;padding-right:0;padding-bottom:0;padding-left:0;min-height:50px\"><span aria-hidden=\"true\" class=\"wp-block-cover__background has-sotzil-blue-background-color has-background-dim-80 has-background-dim\"><\/span><div role=\"img\" class=\"wp-block-cover__image-background wp-image-134 is-repeated\" style=\"background-position:50% 50%;background-image:url(https:\/\/sotzil-guatemaya.org\/wp-content\/uploads\/2022\/12\/textura01.png)\"><\/div><div class=\"wp-block-cover__inner-container\">\n<div aria-hidden=\"true\" class=\"wp-block-fsb-flexible-spacer fsb-flexible-spacer\"><div class=\"fsb-flexible-spacer__device fsb-flexible-spacer__device--lg\" style=\"height:64px\"><\/div><div class=\"fsb-flexible-spacer__device fsb-flexible-spacer__device--md\" style=\"height:40px\"><\/div><div class=\"fsb-flexible-spacer__device fsb-flexible-spacer__device--sm\" style=\"height:40px\"><\/div><\/div>\n\n\n<section id=\"block_ec80bb95e23a52b4129977ded794c7b0\" class=\"section hero-title \">\n  <div class=\"container--medium\">\n    <h1 class=\"hero-title__text\"  style=\"color: #ffffff;\" >\n      Geoportal    <\/h1>\n      <\/div>\n<\/section>\n\n\n<div aria-hidden=\"true\" class=\"wp-block-fsb-flexible-spacer fsb-flexible-spacer\"><div class=\"fsb-flexible-spacer__device fsb-flexible-spacer__device--lg\" style=\"height:24px\"><\/div><div class=\"fsb-flexible-spacer__device fsb-flexible-spacer__device--md\" style=\"height:24px\"><\/div><div class=\"fsb-flexible-spacer__device fsb-flexible-spacer__device--sm\" style=\"height:24px\"><\/div><\/div>\n\n\n<section id=\"block_6a76ce0b1df3157f6095da58c5c4ed80\" class=\"section hero-text \">\n  <div class=\"container--small\">\n    <div class=\"hero-text__text\">\n      <p style=\"text-align: center\"><span style=\"color: #ffffff\">Learn about Mesoamerican initiatives that are part of the Integrated Natural Resources Management System based on the vision and values of Indigenous Peoples.<\/span><\/p>\n    <\/div>\n  <\/div>\n<\/section>\n\n\n<div aria-hidden=\"true\" class=\"wp-block-fsb-flexible-spacer fsb-flexible-spacer\"><div class=\"fsb-flexible-spacer__device fsb-flexible-spacer__device--lg\" style=\"height:42px\"><\/div><div class=\"fsb-flexible-spacer__device fsb-flexible-spacer__device--md\" style=\"height:42px\"><\/div><div class=\"fsb-flexible-spacer__device fsb-flexible-spacer__device--sm\" style=\"height:42px\"><\/div><\/div>\n<\/div><\/div>\n<\/div><\/div>\n\n\n\n<style>.embed-container { position: relative; padding-bottom: 56.25%; height: 0; overflow: hidden; max-width: 100%; } .embed-container iframe, .embed-container object, .embed-container embed { position: absolute; top: 0; left: 0; width: 100%; height: 100%; }<\/style><div class=\"embed-container\"><iframe src=\"\/mapa\" style=\"border:0\"><\/iframe><\/div>\n","protected":false},"excerpt":{"rendered":"","protected":false},"author":1,"featured_media":0,"parent":0,"menu_order":0,"comment_status":"closed","ping_status":"closed","template":"","meta":[],"acf":[],"yoast_head":"<!-- This site is optimized with the Yoast SEO plugin v20.5 - https:\/\/yoast.com\/wordpress\/plugins\/seo\/ -->\n<title>Geoportal - Sotz\u2019il<\/title>\n<meta name=\"description\" content=\"Learn about Mesoamerican initiatives that are part of the Integrated Natural Resource Management System based on the values of Indigenous Peoples.\" \/>\n<meta name=\"robots\" content=\"index, follow, max-snippet:-1, max-image-preview:large, max-video-preview:-1\" \/>\n<link rel=\"canonical\" href=\"https:\/\/sotzil-guatemaya.org\/en\/geoportal\/\" \/>\n<meta property=\"og:locale\" content=\"en_US\" \/>\n<meta property=\"og:type\" content=\"article\" \/>\n<meta property=\"og:title\" content=\"Geoportal - Sotz\u2019il\" \/>\n<meta property=\"og:description\" content=\"Learn about Mesoamerican initiatives that are part of the Integrated Natural Resource Management System based on the values of Indigenous Peoples.\" \/>\n<meta property=\"og:url\" content=\"https:\/\/sotzil-guatemaya.org\/en\/geoportal\/\" \/>\n<meta property=\"og:site_name\" content=\"Sotz\u2019il\" \/>\n<meta property=\"article:publisher\" content=\"https:\/\/www.facebook.com\/Sotzil\" \/>\n<meta property=\"article:modified_time\" content=\"2023-02-28T03:23:45+00:00\" \/>\n<meta property=\"og:image\" content=\"https:\/\/sotzil-guatemaya.org\/wp-content\/uploads\/2023\/02\/default.jpg\" \/>\n\t<meta property=\"og:image:width\" content=\"1200\" \/>\n\t<meta property=\"og:image:height\" content=\"675\" \/>\n\t<meta property=\"og:image:type\" content=\"image\/jpeg\" \/>\n<meta name=\"twitter:card\" content=\"summary_large_image\" \/>\n<meta name=\"twitter:site\" content=\"@SOTZIL_MAYA\" \/>\n<meta name=\"twitter:label1\" content=\"Est. reading time\" \/>\n\t<meta name=\"twitter:data1\" content=\"1 minute\" \/>\n<script type=\"application\/ld+json\" class=\"yoast-schema-graph\">{\"@context\":\"https:\/\/schema.org\",\"@graph\":[{\"@type\":\"WebPage\",\"@id\":\"https:\/\/sotzil-guatemaya.org\/en\/geoportal\/\",\"url\":\"https:\/\/sotzil-guatemaya.org\/en\/geoportal\/\",\"name\":\"Geoportal - Sotz\u2019il\",\"isPartOf\":{\"@id\":\"https:\/\/sotzil-guatemaya.org\/en\/#website\"},\"datePublished\":\"2023-01-01T19:53:25+00:00\",\"dateModified\":\"2023-02-28T03:23:45+00:00\",\"description\":\"Learn about Mesoamerican initiatives that are part of the Integrated Natural Resource Management System based on the values of Indigenous Peoples.\",\"breadcrumb\":{\"@id\":\"https:\/\/sotzil-guatemaya.org\/en\/geoportal\/#breadcrumb\"},\"inLanguage\":\"en-US\",\"potentialAction\":[{\"@type\":\"ReadAction\",\"target\":[\"https:\/\/sotzil-guatemaya.org\/en\/geoportal\/\"]}]},{\"@type\":\"BreadcrumbList\",\"@id\":\"https:\/\/sotzil-guatemaya.org\/en\/geoportal\/#breadcrumb\",\"itemListElement\":[{\"@type\":\"ListItem\",\"position\":1,\"name\":\"Home\",\"item\":\"https:\/\/sotzil-guatemaya.org\/en\/\"},{\"@type\":\"ListItem\",\"position\":2,\"name\":\"Geoportal\"}]},{\"@type\":\"WebSite\",\"@id\":\"https:\/\/sotzil-guatemaya.org\/en\/#website\",\"url\":\"https:\/\/sotzil-guatemaya.org\/en\/\",\"name\":\"Sotz\u2019il\",\"description\":\"Somos una organizaci\u00f3n ind\u00edgena sustentada en principios y valores de la cosmovisi\u00f3n maya.\",\"publisher\":{\"@id\":\"https:\/\/sotzil-guatemaya.org\/en\/#organization\"},\"potentialAction\":[{\"@type\":\"SearchAction\",\"target\":{\"@type\":\"EntryPoint\",\"urlTemplate\":\"https:\/\/sotzil-guatemaya.org\/en\/?s={search_term_string}\"},\"query-input\":\"required name=search_term_string\"}],\"inLanguage\":\"en-US\"},{\"@type\":\"Organization\",\"@id\":\"https:\/\/sotzil-guatemaya.org\/en\/#organization\",\"name\":\"Sotz\u2019il\",\"url\":\"https:\/\/sotzil-guatemaya.org\/en\/\",\"logo\":{\"@type\":\"ImageObject\",\"inLanguage\":\"en-US\",\"@id\":\"https:\/\/sotzil-guatemaya.org\/en\/#\/schema\/logo\/image\/\",\"url\":\"https:\/\/sotzil-guatemaya.org\/wp-content\/uploads\/2022\/12\/logo.png\",\"contentUrl\":\"https:\/\/sotzil-guatemaya.org\/wp-content\/uploads\/2022\/12\/logo.png\",\"width\":854,\"height\":306,\"caption\":\"Sotz\u2019il\"},\"image\":{\"@id\":\"https:\/\/sotzil-guatemaya.org\/en\/#\/schema\/logo\/image\/\"},\"sameAs\":[\"https:\/\/www.facebook.com\/Sotzil\",\"https:\/\/twitter.com\/SOTZIL_MAYA\",\"https:\/\/www.youtube.com\/@sotzilguatemaya6898\"]}]}<\/script>\n<!-- \/ Yoast SEO plugin. -->","yoast_head_json":{"title":"Geoportal - Sotz\u2019il","description":"Learn about Mesoamerican initiatives that are part of the Integrated Natural Resource Management System based on the values of Indigenous Peoples.","robots":{"index":"index","follow":"follow","max-snippet":"max-snippet:-1","max-image-preview":"max-image-preview:large","max-video-preview":"max-video-preview:-1"},"canonical":"https:\/\/sotzil-guatemaya.org\/en\/geoportal\/","og_locale":"en_US","og_type":"article","og_title":"Geoportal - Sotz\u2019il","og_description":"Learn about Mesoamerican initiatives that are part of the Integrated Natural Resource Management System based on the values of Indigenous Peoples.","og_url":"https:\/\/sotzil-guatemaya.org\/en\/geoportal\/","og_site_name":"Sotz\u2019il","article_publisher":"https:\/\/www.facebook.com\/Sotzil","article_modified_time":"2023-02-28T03:23:45+00:00","og_image":[{"width":1200,"height":675,"url":"https:\/\/sotzil-guatemaya.org\/wp-content\/uploads\/2023\/02\/default.jpg","type":"image\/jpeg"}],"twitter_card":"summary_large_image","twitter_site":"@SOTZIL_MAYA","twitter_misc":{"Est. reading time":"1 minute"},"schema":{"@context":"https:\/\/schema.org","@graph":[{"@type":"WebPage","@id":"https:\/\/sotzil-guatemaya.org\/en\/geoportal\/","url":"https:\/\/sotzil-guatemaya.org\/en\/geoportal\/","name":"Geoportal - Sotz\u2019il","isPartOf":{"@id":"https:\/\/sotzil-guatemaya.org\/en\/#website"},"datePublished":"2023-01-01T19:53:25+00:00","dateModified":"2023-02-28T03:23:45+00:00","description":"Learn about Mesoamerican initiatives that are part of the Integrated Natural Resource Management System based on the values of Indigenous Peoples.","breadcrumb":{"@id":"https:\/\/sotzil-guatemaya.org\/en\/geoportal\/#breadcrumb"},"inLanguage":"en-US","potentialAction":[{"@type":"ReadAction","target":["https:\/\/sotzil-guatemaya.org\/en\/geoportal\/"]}]},{"@type":"BreadcrumbList","@id":"https:\/\/sotzil-guatemaya.org\/en\/geoportal\/#breadcrumb","itemListElement":[{"@type":"ListItem","position":1,"name":"Home","item":"https:\/\/sotzil-guatemaya.org\/en\/"},{"@type":"ListItem","position":2,"name":"Geoportal"}]},{"@type":"WebSite","@id":"https:\/\/sotzil-guatemaya.org\/en\/#website","url":"https:\/\/sotzil-guatemaya.org\/en\/","name":"Sotz\u2019il","description":"Somos una organizaci\u00f3n ind\u00edgena sustentada en principios y valores de la cosmovisi\u00f3n maya.","publisher":{"@id":"https:\/\/sotzil-guatemaya.org\/en\/#organization"},"potentialAction":[{"@type":"SearchAction","target":{"@type":"EntryPoint","urlTemplate":"https:\/\/sotzil-guatemaya.org\/en\/?s={search_term_string}"},"query-input":"required name=search_term_string"}],"inLanguage":"en-US"},{"@type":"Organization","@id":"https:\/\/sotzil-guatemaya.org\/en\/#organization","name":"Sotz\u2019il","url":"https:\/\/sotzil-guatemaya.org\/en\/","logo":{"@type":"ImageObject","inLanguage":"en-US","@id":"https:\/\/sotzil-guatemaya.org\/en\/#\/schema\/logo\/image\/","url":"https:\/\/sotzil-guatemaya.org\/wp-content\/uploads\/2022\/12\/logo.png","contentUrl":"https:\/\/sotzil-guatemaya.org\/wp-content\/uploads\/2022\/12\/logo.png","width":854,"height":306,"caption":"Sotz\u2019il"},"image":{"@id":"https:\/\/sotzil-guatemaya.org\/en\/#\/schema\/logo\/image\/"},"sameAs":["https:\/\/www.facebook.com\/Sotzil","https:\/\/twitter.com\/SOTZIL_MAYA","https:\/\/www.youtube.com\/@sotzilguatemaya6898"]}]}},"_links":{"self":[{"href":"https:\/\/sotzil-guatemaya.org\/en\/wp-json\/wp\/v2\/pages\/1994"}],"collection":[{"href":"https:\/\/sotzil-guatemaya.org\/en\/wp-json\/wp\/v2\/pages"}],"about":[{"href":"https:\/\/sotzil-guatemaya.org\/en\/wp-json\/wp\/v2\/types\/page"}],"author":[{"embeddable":true,"href":"https:\/\/sotzil-guatemaya.org\/en\/wp-json\/wp\/v2\/users\/1"}],"replies":[{"embeddable":true,"href":"https:\/\/sotzil-guatemaya.org\/en\/wp-json\/wp\/v2\/comments?post=1994"}],"version-history":[{"count":2,"href":"https:\/\/sotzil-guatemaya.org\/en\/wp-json\/wp\/v2\/pages\/1994\/revisions"}],"predecessor-version":[{"id":1997,"href":"https:\/\/sotzil-guatemaya.org\/en\/wp-json\/wp\/v2\/pages\/1994\/revisions\/1997"}],"wp:attachment":[{"href":"https:\/\/sotzil-guatemaya.org\/en\/wp-json\/wp\/v2\/media?parent=1994"}],"curies":[{"name":"wp","href":"https:\/\/api.w.org\/{rel}","templated":true}]}}