{"id":1998,"date":"2023-01-01T13:13:06","date_gmt":"2023-01-01T19:13:06","guid":{"rendered":"https:\/\/sotzil-guatemaya.org\/plataforma-naoj\/"},"modified":"2023-02-27T21:24:01","modified_gmt":"2023-02-28T03:24:01","slug":"naoj-training-platform","status":"publish","type":"page","link":"https:\/\/sotzil-guatemaya.org\/en\/naoj-training-platform\/","title":{"rendered":"Na\u2019oj Training Platform"},"content":{"rendered":"\n<div class=\"wp-block-cover is-light\" style=\"padding-top:0;padding-right:0;padding-bottom:0;padding-left:0;min-height:50px\"><span aria-hidden=\"true\" class=\"wp-block-cover__background has-background-dim-100 has-background-dim\" style=\"background-color:#c48f27\"><\/span><div class=\"wp-block-cover__inner-container\">\n<div class=\"wp-block-cover is-light is-repeated\" style=\"padding-top:0;padding-right:0;padding-bottom:0;padding-left:0;min-height:50px\"><span aria-hidden=\"true\" class=\"wp-block-cover__background has-background-dim-70 has-background-dim\" style=\"background-color:#c48f27\"><\/span><div role=\"img\" class=\"wp-block-cover__image-background wp-image-134 is-repeated\" style=\"background-position:50% 50%;background-image:url(https:\/\/sotzil-guatemaya.org\/wp-content\/uploads\/2022\/12\/textura01.png)\"><\/div><div class=\"wp-block-cover__inner-container\">\n<div aria-hidden=\"true\" class=\"wp-block-fsb-flexible-spacer fsb-flexible-spacer\"><div class=\"fsb-flexible-spacer__device fsb-flexible-spacer__device--lg\" style=\"height:74px\"><\/div><div class=\"fsb-flexible-spacer__device fsb-flexible-spacer__device--md\" style=\"height:64px\"><\/div><div class=\"fsb-flexible-spacer__device fsb-flexible-spacer__device--sm\" style=\"height:64px\"><\/div><\/div>\n\n\n<section id=\"block_6b07ceacd7561e453cec30fbd1b3cb86\" class=\"section hero-title \">\n  <div class=\"container--medium\">\n    <h1 class=\"hero-title__text\"  style=\"color: #ffffff;\" >\n      Na\u2019oj Training Platform    <\/h1>\n      <\/div>\n<\/section>\n\n\n<div aria-hidden=\"true\" class=\"wp-block-fsb-flexible-spacer fsb-flexible-spacer\"><div class=\"fsb-flexible-spacer__device fsb-flexible-spacer__device--lg\" style=\"height:24px\"><\/div><div class=\"fsb-flexible-spacer__device fsb-flexible-spacer__device--md\" style=\"height:24px\"><\/div><div class=\"fsb-flexible-spacer__device fsb-flexible-spacer__device--sm\" style=\"height:24px\"><\/div><\/div>\n\n\n<section id=\"block_471643e09892f290148cd3c97e3969ee\" class=\"section hero-text \">\n  <div class=\"container--small\">\n    <div class=\"hero-text__text\">\n      <p style=\"text-align: center\"><span style=\"color: #ffffff\">Learn about REDD+, its background, history, strategies, financial and capacity-building mechanisms, experiences and buying and selling of carbon certificates throughout the region, through our Na\u2019oj educational platform, specially designed for Indigenous Peoples.<\/span><\/p>\n    <\/div>\n  <\/div>\n<\/section>\n\n\n<div aria-hidden=\"true\" class=\"wp-block-fsb-flexible-spacer fsb-flexible-spacer\"><div class=\"fsb-flexible-spacer__device fsb-flexible-spacer__device--lg\" style=\"height:90px\"><\/div><div class=\"fsb-flexible-spacer__device fsb-flexible-spacer__device--md\" style=\"height:64px\"><\/div><div class=\"fsb-flexible-spacer__device fsb-flexible-spacer__device--sm\" style=\"height:64px\"><\/div><\/div>\n<\/div><\/div>\n\n\n<section id=\"block_3eab812ca09be618c6583d1738502a39\" class=\"section icon-section \">\n  <img decoding=\"async\" loading=\"lazy\" src=\"https:\/\/sotzil-guatemaya.org\/wp-content\/uploads\/2023\/01\/etiqueta-flecha-cafe-oscuro.png\" alt=\"\">\n<\/section><\/div><\/div>\n\n\n\n<div class=\"wp-block-cover is-light\" style=\"padding-top:0;padding-right:0;padding-bottom:0;padding-left:0;min-height:50px\"><span aria-hidden=\"true\" class=\"wp-block-cover__background has-sotzil-cane-background-color has-background-dim-100 has-background-dim\"><\/span><div class=\"wp-block-cover__inner-container\">\n<div class=\"wp-block-cover\" style=\"padding-top:0;padding-right:0;padding-bottom:0;padding-left:0;min-height:50px\"><span aria-hidden=\"true\" class=\"wp-block-cover__background has-background-dim-0 has-background-dim\"><\/span><img decoding=\"async\" loading=\"lazy\" width=\"1920\" height=\"473\" class=\"wp-block-cover__image-background wp-image-851\" alt=\"\" src=\"https:\/\/sotzil-guatemaya.org\/wp-content\/uploads\/2023\/01\/bg-doble.png\" data-object-fit=\"cover\"\/><div class=\"wp-block-cover__inner-container\">\n<div aria-hidden=\"true\" class=\"wp-block-fsb-flexible-spacer fsb-flexible-spacer\"><div class=\"fsb-flexible-spacer__device fsb-flexible-spacer__device--lg\" style=\"height:104px\"><\/div><div class=\"fsb-flexible-spacer__device fsb-flexible-spacer__device--md\" style=\"height:84px\"><\/div><div class=\"fsb-flexible-spacer__device fsb-flexible-spacer__device--sm\" style=\"height:64px\"><\/div><\/div>\n\n\n\n<div class=\"wp-block-buttons is-content-justification-center is-layout-flex wp-container-1\">\n<div class=\"wp-block-button\"><a class=\"wp-block-button__link has-black-color has-luminous-vivid-amber-background-color has-text-color has-background wp-element-button\" href=\"https:\/\/www.naojapp.org\/\" style=\"padding-top:var(--wp--preset--spacing--50);padding-right:var(--wp--preset--spacing--60);padding-bottom:var(--wp--preset--spacing--50);padding-left:var(--wp--preset--spacing--60)\" target=\"_blank\" rel=\"noreferrer noopener\">Join the na\u2019oj training platform<\/a><\/div>\n<\/div>\n\n\n\n<div aria-hidden=\"true\" class=\"wp-block-fsb-flexible-spacer fsb-flexible-spacer\"><div class=\"fsb-flexible-spacer__device fsb-flexible-spacer__device--lg\" style=\"height:104px\"><\/div><div class=\"fsb-flexible-spacer__device fsb-flexible-spacer__device--md\" style=\"height:84px\"><\/div><div class=\"fsb-flexible-spacer__device fsb-flexible-spacer__device--sm\" style=\"height:64px\"><\/div><\/div>\n<\/div><\/div>\n<\/div><\/div>\n","protected":false},"excerpt":{"rendered":"","protected":false},"author":1,"featured_media":0,"parent":0,"menu_order":0,"comment_status":"closed","ping_status":"closed","template":"","meta":[],"acf":[],"yoast_head":"<!-- This site is optimized with the Yoast SEO plugin v20.5 - https:\/\/yoast.com\/wordpress\/plugins\/seo\/ -->\n<title>Na\u2019oj Training Platform - Sotz\u2019il<\/title>\n<meta name=\"description\" content=\"Learn about REDD+, its background, history, strategies and mechanisms from our educational platform Na&#039;oj, designed for Indigenous Peoples.\" \/>\n<meta name=\"robots\" content=\"index, follow, max-snippet:-1, max-image-preview:large, max-video-preview:-1\" \/>\n<link rel=\"canonical\" href=\"https:\/\/sotzil-guatemaya.org\/en\/naoj-training-platform\/\" \/>\n<meta property=\"og:locale\" content=\"en_US\" \/>\n<meta property=\"og:type\" content=\"article\" \/>\n<meta property=\"og:title\" content=\"Na\u2019oj Training Platform - Sotz\u2019il\" \/>\n<meta property=\"og:description\" content=\"Learn about REDD+, its background, history, strategies and mechanisms from our educational platform Na&#039;oj, designed for Indigenous Peoples.\" \/>\n<meta property=\"og:url\" content=\"https:\/\/sotzil-guatemaya.org\/en\/naoj-training-platform\/\" \/>\n<meta property=\"og:site_name\" content=\"Sotz\u2019il\" \/>\n<meta property=\"article:publisher\" content=\"https:\/\/www.facebook.com\/Sotzil\" \/>\n<meta property=\"article:modified_time\" content=\"2023-02-28T03:24:01+00:00\" \/>\n<meta property=\"og:image\" content=\"https:\/\/sotzil-guatemaya.org\/wp-content\/uploads\/2023\/01\/bg-doble.png\" \/>\n<meta name=\"twitter:card\" content=\"summary_large_image\" \/>\n<meta name=\"twitter:site\" content=\"@SOTZIL_MAYA\" \/>\n<meta name=\"twitter:label1\" content=\"Est. reading time\" \/>\n\t<meta name=\"twitter:data1\" content=\"1 minute\" \/>\n<script type=\"application\/ld+json\" class=\"yoast-schema-graph\">{\"@context\":\"https:\/\/schema.org\",\"@graph\":[{\"@type\":\"WebPage\",\"@id\":\"https:\/\/sotzil-guatemaya.org\/en\/naoj-training-platform\/\",\"url\":\"https:\/\/sotzil-guatemaya.org\/en\/naoj-training-platform\/\",\"name\":\"Na\u2019oj Training Platform - Sotz\u2019il\",\"isPartOf\":{\"@id\":\"https:\/\/sotzil-guatemaya.org\/en\/#website\"},\"datePublished\":\"2023-01-01T19:13:06+00:00\",\"dateModified\":\"2023-02-28T03:24:01+00:00\",\"description\":\"Learn about REDD+, its background, history, strategies and mechanisms from our educational platform Na'oj, designed for Indigenous Peoples.\",\"breadcrumb\":{\"@id\":\"https:\/\/sotzil-guatemaya.org\/en\/naoj-training-platform\/#breadcrumb\"},\"inLanguage\":\"en-US\",\"potentialAction\":[{\"@type\":\"ReadAction\",\"target\":[\"https:\/\/sotzil-guatemaya.org\/en\/naoj-training-platform\/\"]}]},{\"@type\":\"BreadcrumbList\",\"@id\":\"https:\/\/sotzil-guatemaya.org\/en\/naoj-training-platform\/#breadcrumb\",\"itemListElement\":[{\"@type\":\"ListItem\",\"position\":1,\"name\":\"Home\",\"item\":\"https:\/\/sotzil-guatemaya.org\/en\/\"},{\"@type\":\"ListItem\",\"position\":2,\"name\":\"Na\u2019oj Training Platform\"}]},{\"@type\":\"WebSite\",\"@id\":\"https:\/\/sotzil-guatemaya.org\/en\/#website\",\"url\":\"https:\/\/sotzil-guatemaya.org\/en\/\",\"name\":\"Sotz\u2019il\",\"description\":\"Somos una organizaci\u00f3n ind\u00edgena sustentada en principios y valores de la cosmovisi\u00f3n maya.\",\"publisher\":{\"@id\":\"https:\/\/sotzil-guatemaya.org\/en\/#organization\"},\"potentialAction\":[{\"@type\":\"SearchAction\",\"target\":{\"@type\":\"EntryPoint\",\"urlTemplate\":\"https:\/\/sotzil-guatemaya.org\/en\/?s={search_term_string}\"},\"query-input\":\"required name=search_term_string\"}],\"inLanguage\":\"en-US\"},{\"@type\":\"Organization\",\"@id\":\"https:\/\/sotzil-guatemaya.org\/en\/#organization\",\"name\":\"Sotz\u2019il\",\"url\":\"https:\/\/sotzil-guatemaya.org\/en\/\",\"logo\":{\"@type\":\"ImageObject\",\"inLanguage\":\"en-US\",\"@id\":\"https:\/\/sotzil-guatemaya.org\/en\/#\/schema\/logo\/image\/\",\"url\":\"https:\/\/sotzil-guatemaya.org\/wp-content\/uploads\/2022\/12\/logo.png\",\"contentUrl\":\"https:\/\/sotzil-guatemaya.org\/wp-content\/uploads\/2022\/12\/logo.png\",\"width\":854,\"height\":306,\"caption\":\"Sotz\u2019il\"},\"image\":{\"@id\":\"https:\/\/sotzil-guatemaya.org\/en\/#\/schema\/logo\/image\/\"},\"sameAs\":[\"https:\/\/www.facebook.com\/Sotzil\",\"https:\/\/twitter.com\/SOTZIL_MAYA\",\"https:\/\/www.youtube.com\/@sotzilguatemaya6898\"]}]}<\/script>\n<!-- \/ Yoast SEO plugin. -->","yoast_head_json":{"title":"Na\u2019oj Training Platform - Sotz\u2019il","description":"Learn about REDD+, its background, history, strategies and mechanisms from our educational platform Na'oj, designed for Indigenous Peoples.","robots":{"index":"index","follow":"follow","max-snippet":"max-snippet:-1","max-image-preview":"max-image-preview:large","max-video-preview":"max-video-preview:-1"},"canonical":"https:\/\/sotzil-guatemaya.org\/en\/naoj-training-platform\/","og_locale":"en_US","og_type":"article","og_title":"Na\u2019oj Training Platform - Sotz\u2019il","og_description":"Learn about REDD+, its background, history, strategies and mechanisms from our educational platform Na'oj, designed for Indigenous Peoples.","og_url":"https:\/\/sotzil-guatemaya.org\/en\/naoj-training-platform\/","og_site_name":"Sotz\u2019il","article_publisher":"https:\/\/www.facebook.com\/Sotzil","article_modified_time":"2023-02-28T03:24:01+00:00","og_image":[{"url":"https:\/\/sotzil-guatemaya.org\/wp-content\/uploads\/2023\/01\/bg-doble.png"}],"twitter_card":"summary_large_image","twitter_site":"@SOTZIL_MAYA","twitter_misc":{"Est. reading time":"1 minute"},"schema":{"@context":"https:\/\/schema.org","@graph":[{"@type":"WebPage","@id":"https:\/\/sotzil-guatemaya.org\/en\/naoj-training-platform\/","url":"https:\/\/sotzil-guatemaya.org\/en\/naoj-training-platform\/","name":"Na\u2019oj Training Platform - Sotz\u2019il","isPartOf":{"@id":"https:\/\/sotzil-guatemaya.org\/en\/#website"},"datePublished":"2023-01-01T19:13:06+00:00","dateModified":"2023-02-28T03:24:01+00:00","description":"Learn about REDD+, its background, history, strategies and mechanisms from our educational platform Na'oj, designed for Indigenous Peoples.","breadcrumb":{"@id":"https:\/\/sotzil-guatemaya.org\/en\/naoj-training-platform\/#breadcrumb"},"inLanguage":"en-US","potentialAction":[{"@type":"ReadAction","target":["https:\/\/sotzil-guatemaya.org\/en\/naoj-training-platform\/"]}]},{"@type":"BreadcrumbList","@id":"https:\/\/sotzil-guatemaya.org\/en\/naoj-training-platform\/#breadcrumb","itemListElement":[{"@type":"ListItem","position":1,"name":"Home","item":"https:\/\/sotzil-guatemaya.org\/en\/"},{"@type":"ListItem","position":2,"name":"Na\u2019oj Training Platform"}]},{"@type":"WebSite","@id":"https:\/\/sotzil-guatemaya.org\/en\/#website","url":"https:\/\/sotzil-guatemaya.org\/en\/","name":"Sotz\u2019il","description":"Somos una organizaci\u00f3n ind\u00edgena sustentada en principios y valores de la cosmovisi\u00f3n maya.","publisher":{"@id":"https:\/\/sotzil-guatemaya.org\/en\/#organization"},"potentialAction":[{"@type":"SearchAction","target":{"@type":"EntryPoint","urlTemplate":"https:\/\/sotzil-guatemaya.org\/en\/?s={search_term_string}"},"query-input":"required name=search_term_string"}],"inLanguage":"en-US"},{"@type":"Organization","@id":"https:\/\/sotzil-guatemaya.org\/en\/#organization","name":"Sotz\u2019il","url":"https:\/\/sotzil-guatemaya.org\/en\/","logo":{"@type":"ImageObject","inLanguage":"en-US","@id":"https:\/\/sotzil-guatemaya.org\/en\/#\/schema\/logo\/image\/","url":"https:\/\/sotzil-guatemaya.org\/wp-content\/uploads\/2022\/12\/logo.png","contentUrl":"https:\/\/sotzil-guatemaya.org\/wp-content\/uploads\/2022\/12\/logo.png","width":854,"height":306,"caption":"Sotz\u2019il"},"image":{"@id":"https:\/\/sotzil-guatemaya.org\/en\/#\/schema\/logo\/image\/"},"sameAs":["https:\/\/www.facebook.com\/Sotzil","https:\/\/twitter.com\/SOTZIL_MAYA","https:\/\/www.youtube.com\/@sotzilguatemaya6898"]}]}},"_links":{"self":[{"href":"https:\/\/sotzil-guatemaya.org\/en\/wp-json\/wp\/v2\/pages\/1998"}],"collection":[{"href":"https:\/\/sotzil-guatemaya.org\/en\/wp-json\/wp\/v2\/pages"}],"about":[{"href":"https:\/\/sotzil-guatemaya.org\/en\/wp-json\/wp\/v2\/types\/page"}],"author":[{"embeddable":true,"href":"https:\/\/sotzil-guatemaya.org\/en\/wp-json\/wp\/v2\/users\/1"}],"replies":[{"embeddable":true,"href":"https:\/\/sotzil-guatemaya.org\/en\/wp-json\/wp\/v2\/comments?post=1998"}],"version-history":[{"count":5,"href":"https:\/\/sotzil-guatemaya.org\/en\/wp-json\/wp\/v2\/pages\/1998\/revisions"}],"predecessor-version":[{"id":2164,"href":"https:\/\/sotzil-guatemaya.org\/en\/wp-json\/wp\/v2\/pages\/1998\/revisions\/2164"}],"wp:attachment":[{"href":"https:\/\/sotzil-guatemaya.org\/en\/wp-json\/wp\/v2\/media?parent=1998"}],"curies":[{"name":"wp","href":"https:\/\/api.w.org\/{rel}","templated":true}]}}