{"id":1963,"date":"2023-01-11T17:42:25","date_gmt":"2023-01-11T23:42:25","guid":{"rendered":"https:\/\/sotzil-guatemaya.org\/nuestro-trabajo\/biodiversidad\/"},"modified":"2023-02-23T19:49:46","modified_gmt":"2023-02-24T01:49:46","slug":"jalajoj-kaslemal","status":"publish","type":"page","link":"https:\/\/sotzil-guatemaya.org\/myn\/qasamaj\/jalajoj-kaslemal\/","title":{"rendered":"Jalaj\u00f6j k\u2019aslemal"},"content":{"rendered":"\n<div class=\"wp-block-cover is-light\" style=\"padding-top:0;padding-right:0;padding-bottom:0;padding-left:0;min-height:50px\"><span aria-hidden=\"true\" class=\"wp-block-cover__background has-sotzil-cane-background-color has-background-dim-100 has-background-dim\"><\/span><div class=\"wp-block-cover__inner-container\">\n<div class=\"wp-block-cover is-light is-repeated\" style=\"padding-top:0;padding-right:0;padding-bottom:0;padding-left:0;min-height:50px\"><span aria-hidden=\"true\" class=\"wp-block-cover__background has-background-dim-0 has-background-dim\"><\/span><div role=\"img\" class=\"wp-block-cover__image-background wp-image-134 is-repeated\" style=\"background-position:50% 50%;background-image:url(https:\/\/sotzil-guatemaya.org\/wp-content\/uploads\/2022\/12\/textura01.png)\"><\/div><div class=\"wp-block-cover__inner-container\">\n<div aria-hidden=\"true\" class=\"wp-block-fsb-flexible-spacer fsb-flexible-spacer\"><div class=\"fsb-flexible-spacer__device fsb-flexible-spacer__device--lg\" style=\"height:150px\"><\/div><div class=\"fsb-flexible-spacer__device fsb-flexible-spacer__device--md\" style=\"height:64px\"><\/div><div class=\"fsb-flexible-spacer__device fsb-flexible-spacer__device--sm\" style=\"height:42px\"><\/div><\/div>\n\n\n<section id=\"block_da89eb9f9baf12760fee466b42fba249\" class=\"section hero-title \">\n  <div class=\"container--medium\">\n    <h1 class=\"hero-title__text\"  style=\"color: #008143;\" >\n      Jalaj\u00f6j k\u2019aslemal    <\/h1>\n      <\/div>\n<\/section>\n\n\n<div aria-hidden=\"true\" class=\"wp-block-fsb-flexible-spacer fsb-flexible-spacer\"><div class=\"fsb-flexible-spacer__device fsb-flexible-spacer__device--lg\" style=\"height:220px\"><\/div><div class=\"fsb-flexible-spacer__device fsb-flexible-spacer__device--md\" style=\"height:64px\"><\/div><div class=\"fsb-flexible-spacer__device fsb-flexible-spacer__device--sm\" style=\"height:42px\"><\/div><\/div>\n<\/div><\/div>\n\n\n<section id=\"block_4422ad78e881dbad329289ca3239018b\" class=\"section icon-section \">\n  <img decoding=\"async\" loading=\"lazy\" src=\"https:\/\/sotzil-guatemaya.org\/wp-content\/uploads\/2022\/12\/etiqueta-flecha-roja.png\" alt=\"\">\n<\/section><\/div><\/div>\n\n\n<div id=\"block_5660f83db62a738f9634d2bcf5d295e1\" class=\"block-container \">\n  \n\n<div aria-hidden=\"true\" class=\"wp-block-fsb-flexible-spacer fsb-flexible-spacer\"><div class=\"fsb-flexible-spacer__device fsb-flexible-spacer__device--lg\" style=\"height:75px\"><\/div><div class=\"fsb-flexible-spacer__device fsb-flexible-spacer__device--md\" style=\"height:64px\"><\/div><div class=\"fsb-flexible-spacer__device fsb-flexible-spacer__device--sm\" style=\"height:42px\"><\/div><\/div>\n\n\n\n<p>Yojsam\u00e4j pa ruwi\u2019 ri rejqalem, ruq\u2019ij chuqa\u2019 rusamajixik kich\u2019ojib\u2019al ri Achamaq\u2019i\u2019 Tinam\u00eft e k\u2019o pa ronojel ruwach\u2019ulew.<\/p>\n<p>Rik\u2019in qasamaj chupam ri Nimamoloj richin Jalaj\u00f6j B\u2019anikil richin ri Naciones Unidad, xqatikirisaj qasamaj pa ruwi\u2019 rub\u2019anik chuqa\u2019 rusamajixik ri na\u2019ojil, cholsamaj, chuqa\u2019 nuk\u2019samaj kiximon ki rik\u2019in kulewal chuqa\u2019 kitinamit ri Achamaq\u2019i\u2019 Tinam\u00eft.\u00a0<\/p>\n<p>Rub\u2019anon pa 2016, ri qamolojri\u2019\u00efl runuk\u2019un pa ronojel k\u2019ojlib\u2019\u00e4l ri Achamaq\u2019i\u2019 Tzijmoloj rik\u2019in juk\u2019an chik tinamital pa ruwi\u2019 ri jalaj\u00f6j k\u2019aslemal.<\/p>\n<p>Ri qarayib\u2019\u00e4l ja ri samaj nikib\u2019\u00e4l ri Achamaq\u2019i\u2019 Tinam\u00eft pa ruwi\u2019 ruchajixik chuqa\u2019 rukolik ri jalaj\u00f6j k\u2019ojlemal, ri k\u2019aslemal chuqa\u2019 ri jalaj\u00f6j b\u2019anikil richin ri k\u2019aslem.<\/p>\n<p>Ri 80 % richin ri jalaj\u00f6j k\u2019aslemal e k\u2019o pa ruwach\u2019ulew, e k\u2019o\u00a0 chuqa\u2019 yewamaj\u00efx chupam kulewal ri Achamaq\u2019i\u2019 Tinam\u00eft.\u00a0<\/p>\n<p>Nqatz\u2019\u00fck\u2019 chuqa\u2019 nqataluj nuk\u2019ulem taq samaj richin nqachajij ri jalaj\u00f6j rub\u2019eyal kikaslem ri Achamaq\u2019i\u2019 Tinam\u00eft, rub\u2019eyal kisamajixik ri rutikomal ulew rik\u2019in rutz\u2019aqatisanem chi rij ri jalaj\u00f6j k\u2019aslemal.\u00a0<\/p>\n<p>Rik\u2019in qasamaj\u00a0 nqab\u2019\u00e4n chi eq\u2019alajin, nqaya\u2019 ruq\u2019ij chuqa\u2019 chi nsamaj\u00efx kich\u2019ojib\u2019al ri Achamq\u2019i\u2019 Tinam\u00eft chupam ruchajixik ri jalaj\u00f6j b\u2019anikilem, rokisaxik pa rub\u2019eyal ri k\u2019ojlib\u2019al chuqa\u2019 jun \u00fctz rujachik ri tob\u2019al nuya\u2019 rokisaxik ri rutikomal ruwach\u2019ulew.<\/p>\n\n\n\n<div aria-hidden=\"true\" class=\"wp-block-fsb-flexible-spacer fsb-flexible-spacer\"><div class=\"fsb-flexible-spacer__device fsb-flexible-spacer__device--lg\" style=\"height:36px\"><\/div><div class=\"fsb-flexible-spacer__device fsb-flexible-spacer__device--md\" style=\"height:24px\"><\/div><div class=\"fsb-flexible-spacer__device fsb-flexible-spacer__device--sm\" style=\"height:12px\"><\/div><\/div>\n\n\n\n<figure class=\"wp-block-gallery has-nested-images columns-2 is-cropped wp-block-gallery-1 is-layout-flex\">\n<figure class=\"wp-block-image size-full\"><img decoding=\"async\" loading=\"lazy\" width=\"1024\" height=\"576\" src=\"https:\/\/sotzil-guatemaya.org\/wp-content\/uploads\/2023\/02\/charla-liderada-por-pueblos-indigenas-en-la-conferencia-de-diversidad-biologica-cop14-en-sharm-el-sheikh-egipto.jpeg\" alt=\"Charla liderada por Pueblos Indi\u0301genas en la Conferencia de Diversidad Biolo\u0301gica COP14, en Sharm El-Sheikh, Egipto.\" class=\"wp-image-1637\"\/><\/figure>\n\n\n\n<figure class=\"wp-block-image size-full is-style-default\"><img decoding=\"async\" loading=\"lazy\" width=\"1024\" height=\"576\" src=\"https:\/\/sotzil-guatemaya.org\/wp-content\/uploads\/2023\/02\/representantes-de-pueblos-indigenas-en-la-conferencia-de-diversidad-biologica-cop14-en-sharm-el-sheikh-egipto-1.jpeg\" alt=\"Representantes de Pueblos Indi\u0301genas en la Conferencia de Diversidad Biolo\u0301gica COP14, en Sharm El-Sheikh, Egipto\" class=\"wp-image-1644\"\/><\/figure>\n\n\n\n<figure class=\"wp-block-image size-full\"><img decoding=\"async\" loading=\"lazy\" width=\"1024\" height=\"768\" src=\"https:\/\/sotzil-guatemaya.org\/wp-content\/uploads\/2023\/02\/representantes-de-pueblos-indigenas-reunidos-en-la-conferencia-de-diversidad-biologica-cop14-en-sharm-el-sheikh-egipto.jpeg\" alt=\"Representantes de Pueblos Indi\u0301genas reunidos en la Conferencia de Diversidad Biolo\u0301gica COP14, en Sharm El-Sheikh, Egipto.\" class=\"wp-image-1641\"\/><\/figure>\n<\/figure>\n\n\n\n<div aria-hidden=\"true\" class=\"wp-block-fsb-flexible-spacer fsb-flexible-spacer\"><div class=\"fsb-flexible-spacer__device fsb-flexible-spacer__device--lg\" style=\"height:80px\"><\/div><div class=\"fsb-flexible-spacer__device fsb-flexible-spacer__device--md\" style=\"height:64px\"><\/div><div class=\"fsb-flexible-spacer__device fsb-flexible-spacer__device--sm\" style=\"height:42px\"><\/div><\/div>\n\n\n<\/div>","protected":false},"excerpt":{"rendered":"","protected":false},"author":1,"featured_media":0,"parent":1905,"menu_order":0,"comment_status":"closed","ping_status":"closed","template":"","meta":[],"acf":[],"yoast_head":"<!-- This site is optimized with the Yoast SEO plugin v20.5 - https:\/\/yoast.com\/wordpress\/plugins\/seo\/ -->\n<title>Jalaj\u00f6j k\u2019aslemal - Sotz\u2019il<\/title>\n<meta name=\"description\" content=\"Buscamos visibilizar el rol de los Pueblos Ind\u00edgenas en la protecci\u00f3n, gobernanza y conservaci\u00f3n de la biodiversidad y recursos naturales.\" \/>\n<meta name=\"robots\" content=\"index, follow, max-snippet:-1, max-image-preview:large, max-video-preview:-1\" \/>\n<link rel=\"canonical\" href=\"https:\/\/sotzil-guatemaya.org\/myn\/qasamaj\/jalajoj-kaslemal\/\" \/>\n<meta property=\"og:locale\" content=\"en_US\" \/>\n<meta property=\"og:type\" content=\"article\" \/>\n<meta property=\"og:title\" content=\"Jalaj\u00f6j k\u2019aslemal - Sotz\u2019il\" \/>\n<meta property=\"og:description\" content=\"Buscamos visibilizar el rol de los Pueblos Ind\u00edgenas en la protecci\u00f3n, gobernanza y conservaci\u00f3n de la biodiversidad y recursos naturales.\" \/>\n<meta property=\"og:url\" content=\"https:\/\/sotzil-guatemaya.org\/myn\/qasamaj\/jalajoj-kaslemal\/\" \/>\n<meta property=\"og:site_name\" content=\"Sotz\u2019il\" \/>\n<meta property=\"article:publisher\" content=\"https:\/\/www.facebook.com\/Sotzil\" \/>\n<meta property=\"article:modified_time\" content=\"2023-02-24T01:49:46+00:00\" \/>\n<meta property=\"og:image\" content=\"https:\/\/sotzil-guatemaya.org\/wp-content\/uploads\/2023\/02\/charla-liderada-por-pueblos-indigenas-en-la-conferencia-de-diversidad-biologica-cop14-en-sharm-el-sheikh-egipto.jpeg\" \/>\n<meta name=\"twitter:card\" content=\"summary_large_image\" \/>\n<meta name=\"twitter:site\" content=\"@SOTZIL_MAYA\" \/>\n<meta name=\"twitter:label1\" content=\"Est. reading time\" \/>\n\t<meta name=\"twitter:data1\" content=\"2 minutes\" \/>\n<script type=\"application\/ld+json\" class=\"yoast-schema-graph\">{\"@context\":\"https:\/\/schema.org\",\"@graph\":[{\"@type\":\"WebPage\",\"@id\":\"https:\/\/sotzil-guatemaya.org\/myn\/qasamaj\/jalajoj-kaslemal\/\",\"url\":\"https:\/\/sotzil-guatemaya.org\/myn\/qasamaj\/jalajoj-kaslemal\/\",\"name\":\"Jalaj\u00f6j k\u2019aslemal - Sotz\u2019il\",\"isPartOf\":{\"@id\":\"https:\/\/sotzil-guatemaya.org\/myn\/#website\"},\"datePublished\":\"2023-01-11T23:42:25+00:00\",\"dateModified\":\"2023-02-24T01:49:46+00:00\",\"description\":\"Buscamos visibilizar el rol de los Pueblos Ind\u00edgenas en la protecci\u00f3n, gobernanza y conservaci\u00f3n de la biodiversidad y recursos naturales.\",\"breadcrumb\":{\"@id\":\"https:\/\/sotzil-guatemaya.org\/myn\/qasamaj\/jalajoj-kaslemal\/#breadcrumb\"},\"inLanguage\":\"myn-GT\",\"potentialAction\":[{\"@type\":\"ReadAction\",\"target\":[\"https:\/\/sotzil-guatemaya.org\/myn\/qasamaj\/jalajoj-kaslemal\/\"]}]},{\"@type\":\"BreadcrumbList\",\"@id\":\"https:\/\/sotzil-guatemaya.org\/myn\/qasamaj\/jalajoj-kaslemal\/#breadcrumb\",\"itemListElement\":[{\"@type\":\"ListItem\",\"position\":1,\"name\":\"Home\",\"item\":\"https:\/\/sotzil-guatemaya.org\/myn\/\"},{\"@type\":\"ListItem\",\"position\":2,\"name\":\"Qasamaj\",\"item\":\"https:\/\/sotzil-guatemaya.org\/myn\/qasamaj\/\"},{\"@type\":\"ListItem\",\"position\":3,\"name\":\"Jalaj\u00f6j k\u2019aslemal\"}]},{\"@type\":\"WebSite\",\"@id\":\"https:\/\/sotzil-guatemaya.org\/myn\/#website\",\"url\":\"https:\/\/sotzil-guatemaya.org\/myn\/\",\"name\":\"Sotz\u2019il\",\"description\":\"Somos una organizaci\u00f3n ind\u00edgena sustentada en principios y valores de la cosmovisi\u00f3n maya.\",\"publisher\":{\"@id\":\"https:\/\/sotzil-guatemaya.org\/myn\/#organization\"},\"potentialAction\":[{\"@type\":\"SearchAction\",\"target\":{\"@type\":\"EntryPoint\",\"urlTemplate\":\"https:\/\/sotzil-guatemaya.org\/myn\/?s={search_term_string}\"},\"query-input\":\"required name=search_term_string\"}],\"inLanguage\":\"myn-GT\"},{\"@type\":\"Organization\",\"@id\":\"https:\/\/sotzil-guatemaya.org\/myn\/#organization\",\"name\":\"Sotz\u2019il\",\"url\":\"https:\/\/sotzil-guatemaya.org\/myn\/\",\"logo\":{\"@type\":\"ImageObject\",\"inLanguage\":\"myn-GT\",\"@id\":\"https:\/\/sotzil-guatemaya.org\/myn\/#\/schema\/logo\/image\/\",\"url\":\"https:\/\/sotzil-guatemaya.org\/wp-content\/uploads\/2022\/12\/logo.png\",\"contentUrl\":\"https:\/\/sotzil-guatemaya.org\/wp-content\/uploads\/2022\/12\/logo.png\",\"width\":854,\"height\":306,\"caption\":\"Sotz\u2019il\"},\"image\":{\"@id\":\"https:\/\/sotzil-guatemaya.org\/myn\/#\/schema\/logo\/image\/\"},\"sameAs\":[\"https:\/\/www.facebook.com\/Sotzil\",\"https:\/\/twitter.com\/SOTZIL_MAYA\",\"https:\/\/www.youtube.com\/@sotzilguatemaya6898\"]}]}<\/script>\n<!-- \/ Yoast SEO plugin. -->","yoast_head_json":{"title":"Jalaj\u00f6j k\u2019aslemal - Sotz\u2019il","description":"Buscamos visibilizar el rol de los Pueblos Ind\u00edgenas en la protecci\u00f3n, gobernanza y conservaci\u00f3n de la biodiversidad y recursos naturales.","robots":{"index":"index","follow":"follow","max-snippet":"max-snippet:-1","max-image-preview":"max-image-preview:large","max-video-preview":"max-video-preview:-1"},"canonical":"https:\/\/sotzil-guatemaya.org\/myn\/qasamaj\/jalajoj-kaslemal\/","og_locale":"en_US","og_type":"article","og_title":"Jalaj\u00f6j k\u2019aslemal - Sotz\u2019il","og_description":"Buscamos visibilizar el rol de los Pueblos Ind\u00edgenas en la protecci\u00f3n, gobernanza y conservaci\u00f3n de la biodiversidad y recursos naturales.","og_url":"https:\/\/sotzil-guatemaya.org\/myn\/qasamaj\/jalajoj-kaslemal\/","og_site_name":"Sotz\u2019il","article_publisher":"https:\/\/www.facebook.com\/Sotzil","article_modified_time":"2023-02-24T01:49:46+00:00","og_image":[{"url":"https:\/\/sotzil-guatemaya.org\/wp-content\/uploads\/2023\/02\/charla-liderada-por-pueblos-indigenas-en-la-conferencia-de-diversidad-biologica-cop14-en-sharm-el-sheikh-egipto.jpeg"}],"twitter_card":"summary_large_image","twitter_site":"@SOTZIL_MAYA","twitter_misc":{"Est. reading time":"2 minutes"},"schema":{"@context":"https:\/\/schema.org","@graph":[{"@type":"WebPage","@id":"https:\/\/sotzil-guatemaya.org\/myn\/qasamaj\/jalajoj-kaslemal\/","url":"https:\/\/sotzil-guatemaya.org\/myn\/qasamaj\/jalajoj-kaslemal\/","name":"Jalaj\u00f6j k\u2019aslemal - Sotz\u2019il","isPartOf":{"@id":"https:\/\/sotzil-guatemaya.org\/myn\/#website"},"datePublished":"2023-01-11T23:42:25+00:00","dateModified":"2023-02-24T01:49:46+00:00","description":"Buscamos visibilizar el rol de los Pueblos Ind\u00edgenas en la protecci\u00f3n, gobernanza y conservaci\u00f3n de la biodiversidad y recursos naturales.","breadcrumb":{"@id":"https:\/\/sotzil-guatemaya.org\/myn\/qasamaj\/jalajoj-kaslemal\/#breadcrumb"},"inLanguage":"myn-GT","potentialAction":[{"@type":"ReadAction","target":["https:\/\/sotzil-guatemaya.org\/myn\/qasamaj\/jalajoj-kaslemal\/"]}]},{"@type":"BreadcrumbList","@id":"https:\/\/sotzil-guatemaya.org\/myn\/qasamaj\/jalajoj-kaslemal\/#breadcrumb","itemListElement":[{"@type":"ListItem","position":1,"name":"Home","item":"https:\/\/sotzil-guatemaya.org\/myn\/"},{"@type":"ListItem","position":2,"name":"Qasamaj","item":"https:\/\/sotzil-guatemaya.org\/myn\/qasamaj\/"},{"@type":"ListItem","position":3,"name":"Jalaj\u00f6j k\u2019aslemal"}]},{"@type":"WebSite","@id":"https:\/\/sotzil-guatemaya.org\/myn\/#website","url":"https:\/\/sotzil-guatemaya.org\/myn\/","name":"Sotz\u2019il","description":"Somos una organizaci\u00f3n ind\u00edgena sustentada en principios y valores de la cosmovisi\u00f3n maya.","publisher":{"@id":"https:\/\/sotzil-guatemaya.org\/myn\/#organization"},"potentialAction":[{"@type":"SearchAction","target":{"@type":"EntryPoint","urlTemplate":"https:\/\/sotzil-guatemaya.org\/myn\/?s={search_term_string}"},"query-input":"required name=search_term_string"}],"inLanguage":"myn-GT"},{"@type":"Organization","@id":"https:\/\/sotzil-guatemaya.org\/myn\/#organization","name":"Sotz\u2019il","url":"https:\/\/sotzil-guatemaya.org\/myn\/","logo":{"@type":"ImageObject","inLanguage":"myn-GT","@id":"https:\/\/sotzil-guatemaya.org\/myn\/#\/schema\/logo\/image\/","url":"https:\/\/sotzil-guatemaya.org\/wp-content\/uploads\/2022\/12\/logo.png","contentUrl":"https:\/\/sotzil-guatemaya.org\/wp-content\/uploads\/2022\/12\/logo.png","width":854,"height":306,"caption":"Sotz\u2019il"},"image":{"@id":"https:\/\/sotzil-guatemaya.org\/myn\/#\/schema\/logo\/image\/"},"sameAs":["https:\/\/www.facebook.com\/Sotzil","https:\/\/twitter.com\/SOTZIL_MAYA","https:\/\/www.youtube.com\/@sotzilguatemaya6898"]}]}},"_links":{"self":[{"href":"https:\/\/sotzil-guatemaya.org\/myn\/wp-json\/wp\/v2\/pages\/1963"}],"collection":[{"href":"https:\/\/sotzil-guatemaya.org\/myn\/wp-json\/wp\/v2\/pages"}],"about":[{"href":"https:\/\/sotzil-guatemaya.org\/myn\/wp-json\/wp\/v2\/types\/page"}],"author":[{"embeddable":true,"href":"https:\/\/sotzil-guatemaya.org\/myn\/wp-json\/wp\/v2\/users\/1"}],"replies":[{"embeddable":true,"href":"https:\/\/sotzil-guatemaya.org\/myn\/wp-json\/wp\/v2\/comments?post=1963"}],"version-history":[{"count":2,"href":"https:\/\/sotzil-guatemaya.org\/myn\/wp-json\/wp\/v2\/pages\/1963\/revisions"}],"predecessor-version":[{"id":2118,"href":"https:\/\/sotzil-guatemaya.org\/myn\/wp-json\/wp\/v2\/pages\/1963\/revisions\/2118"}],"up":[{"embeddable":true,"href":"https:\/\/sotzil-guatemaya.org\/myn\/wp-json\/wp\/v2\/pages\/1905"}],"wp:attachment":[{"href":"https:\/\/sotzil-guatemaya.org\/myn\/wp-json\/wp\/v2\/media?parent=1963"}],"curies":[{"name":"wp","href":"https:\/\/api.w.org\/{rel}","templated":true}]}}