{"id":1972,"date":"2023-01-11T17:48:02","date_gmt":"2023-01-11T23:48:02","guid":{"rendered":"https:\/\/sotzil-guatemaya.org\/nuestro-trabajo\/mujeres-indigenas\/"},"modified":"2023-02-23T19:53:25","modified_gmt":"2023-02-24T01:53:25","slug":"achamaqi-ixoqi","status":"publish","type":"page","link":"https:\/\/sotzil-guatemaya.org\/myn\/qasamaj\/achamaqi-ixoqi\/","title":{"rendered":"Achamaq\u2019i\u2019 Ixoqi\u2019"},"content":{"rendered":"\n<div class=\"wp-block-cover is-light\" style=\"padding-top:0;padding-right:0;padding-bottom:0;padding-left:0;min-height:50px\"><span aria-hidden=\"true\" class=\"wp-block-cover__background has-sotzil-cane-background-color has-background-dim-100 has-background-dim\"><\/span><div class=\"wp-block-cover__inner-container\">\n<div class=\"wp-block-cover is-light is-repeated\" style=\"padding-top:0;padding-right:0;padding-bottom:0;padding-left:0;min-height:50px\"><span aria-hidden=\"true\" class=\"wp-block-cover__background has-background-dim-0 has-background-dim\"><\/span><div role=\"img\" class=\"wp-block-cover__image-background wp-image-134 is-repeated\" style=\"background-position:50% 50%;background-image:url(https:\/\/sotzil-guatemaya.org\/wp-content\/uploads\/2022\/12\/textura01.png)\"><\/div><div class=\"wp-block-cover__inner-container\">\n<div aria-hidden=\"true\" class=\"wp-block-fsb-flexible-spacer fsb-flexible-spacer\"><div class=\"fsb-flexible-spacer__device fsb-flexible-spacer__device--lg\" style=\"height:150px\"><\/div><div class=\"fsb-flexible-spacer__device fsb-flexible-spacer__device--md\" style=\"height:64px\"><\/div><div class=\"fsb-flexible-spacer__device fsb-flexible-spacer__device--sm\" style=\"height:42px\"><\/div><\/div>\n\n\n<section id=\"block_00d3e3cd3d731bb5cb8be455fc3996f6\" class=\"section hero-title \">\n  <div class=\"container--medium\">\n    <h1 class=\"hero-title__text\"  style=\"color: #008143;\" >\n      Achamaq\u2019i\u2019 Ixoqi\u2019    <\/h1>\n      <\/div>\n<\/section>\n\n\n<div aria-hidden=\"true\" class=\"wp-block-fsb-flexible-spacer fsb-flexible-spacer\"><div class=\"fsb-flexible-spacer__device fsb-flexible-spacer__device--lg\" style=\"height:220px\"><\/div><div class=\"fsb-flexible-spacer__device fsb-flexible-spacer__device--md\" style=\"height:64px\"><\/div><div class=\"fsb-flexible-spacer__device fsb-flexible-spacer__device--sm\" style=\"height:32px\"><\/div><\/div>\n<\/div><\/div>\n\n\n<section id=\"block_ac9f14199c1b0fe3f01e0f4da93a4e61\" class=\"section icon-section \">\n  <img decoding=\"async\" loading=\"lazy\" src=\"https:\/\/sotzil-guatemaya.org\/wp-content\/uploads\/2022\/12\/etiqueta-flecha-roja.png\" alt=\"\">\n<\/section><\/div><\/div>\n\n\n<div id=\"block_de0ecf6ca62960381fc31b381b460ebd\" class=\"block-container \">\n  \n\n<div aria-hidden=\"true\" class=\"wp-block-fsb-flexible-spacer fsb-flexible-spacer\"><div class=\"fsb-flexible-spacer__device fsb-flexible-spacer__device--lg\" style=\"height:75px\"><\/div><div class=\"fsb-flexible-spacer__device fsb-flexible-spacer__device--md\" style=\"height:64px\"><\/div><div class=\"fsb-flexible-spacer__device fsb-flexible-spacer__device--sm\" style=\"height:32px\"><\/div><\/div>\n\n\n\n<p>Nqaya\u2019 kiq\u2019ij chuqa\u2019 rejqalem kisamaj ri achamaq\u2019i\u2019 ixoqi\u2019 rik\u2019in qana\u2019ojilal akuchi\u2019 e junam kikojolem.\u00a0<\/p>\n<p>Ronojel ri samaj qanuk\u2019un, yasamaj\u00efx rik\u2019in junam kikojolem chuqa\u2019 nuya\u2019 rejqalem ri ruk\u2019u\u2019x ri maya\u2019 b\u2019anob\u2019\u00e4l.\u00a0<\/p>\n<p>Nqab\u2019\u00e4n chuqa\u2019 nqachokomij k\u2019ojlib\u2019al kichin ri kojolem richin ri nuk\u2019ulem samaj, ruximik samaj chuqa\u2019 rusamajixik ri nuk\u2019samaj kichin ri tinam\u00eft e k\u2019o Iximulew chuqa\u2019 ajk\u2019an chik.\u00a0<\/p>\n<p>Yeqato\u2019 ri samaj pa tinam\u00eft\u00a0 chuqa\u2019 chi ke molaj taq ixoqi\u2019 e k\u2019o pa Cadena Volc\u00e1nica Kaqchikel rik\u2019in rutaluxik chuqa\u2019 rusamajixik rub\u2019eyal kisamaj pa ruwi\u2019 kitz\u2019etik chuqa\u2019 ri samajixik pa ruwi\u2019 kich\u2019ojib\u2019al chupam rub\u2019eyal ri k\u2019aslemanem, ruk\u2019waxik chuqa\u2019 rukolik rutikomal ri ruwach\u2019ulew.<\/p>\n\n\n\n<div aria-hidden=\"true\" class=\"wp-block-fsb-flexible-spacer fsb-flexible-spacer\"><div class=\"fsb-flexible-spacer__device fsb-flexible-spacer__device--lg\" style=\"height:20px\"><\/div><div class=\"fsb-flexible-spacer__device fsb-flexible-spacer__device--md\" style=\"height:20px\"><\/div><div class=\"fsb-flexible-spacer__device fsb-flexible-spacer__device--sm\" style=\"height:20px\"><\/div><\/div>\n\n\n\n<figure class=\"wp-block-image size-full\"><img decoding=\"async\" loading=\"lazy\" width=\"1024\" height=\"768\" src=\"https:\/\/sotzil-guatemaya.org\/wp-content\/uploads\/2023\/02\/grupo-de-mujeres-indigenas-reunidas-en-una-charla-internacional.jpeg\" alt=\"Grupo de mujeres indi\u0301genas reunidas en una charla internacional.\" class=\"wp-image-1653\"\/><\/figure>\n\n\n\n<div aria-hidden=\"true\" class=\"wp-block-fsb-flexible-spacer fsb-flexible-spacer\"><div class=\"fsb-flexible-spacer__device fsb-flexible-spacer__device--lg\" style=\"height:20px\"><\/div><div class=\"fsb-flexible-spacer__device fsb-flexible-spacer__device--md\" style=\"height:20px\"><\/div><div class=\"fsb-flexible-spacer__device fsb-flexible-spacer__device--sm\" style=\"height:20px\"><\/div><\/div>\n\n\n\n<p><strong>Rub\u2019eyal qasamaj ja ri:<\/strong><\/p>\n\n\n\n<div aria-hidden=\"true\" class=\"wp-block-fsb-flexible-spacer fsb-flexible-spacer\"><div class=\"fsb-flexible-spacer__device fsb-flexible-spacer__device--lg\" style=\"height:12px\"><\/div><div class=\"fsb-flexible-spacer__device fsb-flexible-spacer__device--md\" style=\"height:12px\"><\/div><div class=\"fsb-flexible-spacer__device fsb-flexible-spacer__device--sm\" style=\"height:12px\"><\/div><\/div>\n\n\n\n<section id=\"block_fa99c0fb19a6582c2b8a85c4e9ef7d47\" class=\"section content-columns \">\n  <div class=\"container\">\n    \n    \n    <div class=\"content-columns__items\">\n      <div class=\"content-columns__item\">\n      <div class=\"content-columns__item-image-wrapper\">\n      <div class=\"content-columns__item-image-border\"  style=\"border-color: #005cb9;\" >\n        <img decoding=\"async\" src=\"data:image\/png;base64,iVBORw0KGgoAAAANSUhEUgAAAAEAAAABCAQAAAC1HAwCAAAAC0lEQVR42mNkYAAAAAYAAjCB0C8AAAAASUVORK5CYII=\">\n      <\/div>\n      <img decoding=\"async\" class=\"content-columns__item-image\" loading=\"lazy\" src=\"https:\/\/sotzil-guatemaya.org\/wp-content\/uploads\/2023\/02\/mujer-indigena-trabajando-en-el-campo-con-heno-guatemala.jpeg\" alt=\"Mujer indi\u0301gena trabajando en el campo con heno, Guatemala.\"  style=\"border-color: #005cb9;\" >\n    <\/div>\n  \n      <div class=\"content-columns__item-title\">\n      Ruchuq\u2019a\u2019 ri etamab\u2019\u00e4l    <\/div>\n  \n  \n  <\/div><div class=\"content-columns__item\">\n      <div class=\"content-columns__item-image-wrapper\">\n      <div class=\"content-columns__item-image-border\"  style=\"border-color: #005cb9;\" >\n        <img decoding=\"async\" src=\"data:image\/png;base64,iVBORw0KGgoAAAANSUhEUgAAAAEAAAABCAQAAAC1HAwCAAAAC0lEQVR42mNkYAAAAAYAAjCB0C8AAAAASUVORK5CYII=\">\n      <\/div>\n      <img decoding=\"async\" class=\"content-columns__item-image\" loading=\"lazy\" src=\"https:\/\/sotzil-guatemaya.org\/wp-content\/uploads\/2023\/02\/mujeres-indigenas-mayas-con-vestimentas-tradicionales-guatemala.jpeg\" alt=\"Mujeres indi\u0301genas mayas con vestimentas tradicionales, Guatemala.\"  style=\"border-color: #005cb9;\" >\n    <\/div>\n  \n      <div class=\"content-columns__item-title\">\n      Ruto\u2019onik na\u2019oj    <\/div>\n  \n  \n  <\/div><div class=\"content-columns__item\">\n      <div class=\"content-columns__item-image-wrapper\">\n      <div class=\"content-columns__item-image-border\"  style=\"border-color: #005cb9;\" >\n        <img decoding=\"async\" src=\"data:image\/png;base64,iVBORw0KGgoAAAANSUhEUgAAAAEAAAABCAQAAAC1HAwCAAAAC0lEQVR42mNkYAAAAAYAAjCB0C8AAAAASUVORK5CYII=\">\n      <\/div>\n      <img decoding=\"async\" class=\"content-columns__item-image\" loading=\"lazy\" src=\"https:\/\/sotzil-guatemaya.org\/wp-content\/uploads\/2023\/02\/mujeres-indigenas-mayas-repartiendo-alimentos-guatemala.jpeg\" alt=\"Mujeres indi\u0301genas mayas repartiendo alimentos, Guatemala.\"  style=\"border-color: #005cb9;\" >\n    <\/div>\n  \n      <div class=\"content-columns__item-title\">\n      Rub\u2019eyal rokisaxik pw\u00e4q pa Tinam\u00eft toq nkitikirsaj jun kisamaj.    <\/div>\n  \n  \n  <\/div>    <\/div>\n  <\/div>\n<\/section>\n\n\n<div aria-hidden=\"true\" class=\"wp-block-fsb-flexible-spacer fsb-flexible-spacer\"><div class=\"fsb-flexible-spacer__device fsb-flexible-spacer__device--lg\" style=\"height:40px\"><\/div><div class=\"fsb-flexible-spacer__device fsb-flexible-spacer__device--md\" style=\"height:24px\"><\/div><div class=\"fsb-flexible-spacer__device fsb-flexible-spacer__device--sm\" style=\"height:24px\"><\/div><\/div>\n\n\n\n<p><strong>Ruma rub\u2019eyal qasamaj qaq\u2019i\u2019om: <\/strong><\/p>\n<ul>\n<li>Ruto\u2019onik raxanaqil chi ke ri tinam\u00eft rik\u2019in ri na\u2019oj chuqa\u2019 k\u2019aslemanen pa Maya\u2019 b\u2019anob\u2019\u00e4l<\/li>\n<li>Ruwachinem pa tinam\u00eft chuqa\u2019 ruk\u2019ayiinem ri aq\u2019om q\u2019ay\u00efs.<\/li>\n<li>Ruwachinem chuqa\u2019 ruk\u2019ayinem ri rach\u00e4q tiko\u2019n.\u00a0<\/li>\n<li>Rub\u2019anik chuqa\u2019 ruk\u2019ayinem ri maya\u2019 kem kichin ri jujun taq tinam\u00eft.\u00a0<\/li>\n<li>Ruwachinem chuqa\u2019 ruk\u2019ayinem rukab\u2019 ri ajkab\u2019 chik\u00f6p.\u00a0<\/li>\n<li>Ruchajinem chuqa\u2019 rukotz\u2019ijnem ri e k\u2019o xa xe pa jun peraj ulew chuqa\u2019 ri xa xe a jub\u2019a ok e k\u2019o pa ronojel ruwach&#8217;ulew.\u00a0<\/li>\n<li>Ruwachinem chuqa\u2019 ruk\u2019ayinem rukotz\u2019ijal ri ri kotz\u2019i\u2019j, k\u2019ichelaj chuqa\u2019 ri che\u2019 nkiya\u2019 ruw\u00e4ch che\u2019.\u00a0<\/li>\n<li>Ruwachinem ri kija\u2019tz ri kotz\u2019ijal e k\u2019o ojer kan chuqa\u2019 ruk\u2019ayinem ri rujotay che\u2019 kotz\u2019i\u2019j.<\/li>\n<\/ul>\n\n\n\n<div aria-hidden=\"true\" class=\"wp-block-fsb-flexible-spacer fsb-flexible-spacer\"><div class=\"fsb-flexible-spacer__device fsb-flexible-spacer__device--lg\" style=\"height:20px\"><\/div><div class=\"fsb-flexible-spacer__device fsb-flexible-spacer__device--md\" style=\"height:20px\"><\/div><div class=\"fsb-flexible-spacer__device fsb-flexible-spacer__device--sm\" style=\"height:20px\"><\/div><\/div>\n\n\n\n<figure class=\"wp-block-image size-full\"><img decoding=\"async\" loading=\"lazy\" width=\"1024\" height=\"730\" src=\"https:\/\/sotzil-guatemaya.org\/wp-content\/uploads\/2023\/02\/retrato-de-mujeres-indigena-mayas-con-vestimentas-tradicionales-guatemala.jpeg\" alt=\"Retrato de mujeres indi\u0301gena mayas con vestimentas tradicionales, Guatemala.\" class=\"wp-image-1661\"\/><\/figure>\n\n\n\n<div aria-hidden=\"true\" class=\"wp-block-fsb-flexible-spacer fsb-flexible-spacer\"><div class=\"fsb-flexible-spacer__device fsb-flexible-spacer__device--lg\" style=\"height:20px\"><\/div><div class=\"fsb-flexible-spacer__device fsb-flexible-spacer__device--md\" style=\"height:20px\"><\/div><div class=\"fsb-flexible-spacer__device fsb-flexible-spacer__device--sm\" style=\"height:20px\"><\/div><\/div>\n\n\n\n<div class=\"wp-block-columns is-layout-flex wp-container-4\" style=\"padding-top:0;padding-right:0;padding-bottom:0;padding-left:0\">\n<div class=\"wp-block-column is-layout-flow\" style=\"flex-basis:25%\"><\/div>\n\n\n\n<div class=\"wp-block-column is-layout-flow\" style=\"flex-basis:50%\">\n<p class=\"has-text-align-center font--roboto-slab has-sotzil-blue-color has-text-color\" style=\"font-size:28px\"><strong>Ri qarayib\u2019\u00e4l ja ri nikotz\u2019ijan ta pe ri na\u2019oj chuqa\u2019 ri etamab\u2019\u00e4l e k\u2019o pa tinam\u00eft chuqa\u2019 richin nqakanoj rub\u2019eyal kito\u2019ij pa ruwi\u2019 rusamajixik pw\u00e4q\u00a0 richin ta ke ri\u2019 ri winaqi\u2019 nkil ta jun utzil\u00e4j k\u2019aslemal.<\/strong><\/p>\n<\/div>\n\n\n\n<div class=\"wp-block-column is-layout-flow\" style=\"flex-basis:25%\"><\/div>\n<\/div>\n\n\n\n<div aria-hidden=\"true\" class=\"wp-block-fsb-flexible-spacer fsb-flexible-spacer\"><div class=\"fsb-flexible-spacer__device fsb-flexible-spacer__device--lg\" style=\"height:48px\"><\/div><div class=\"fsb-flexible-spacer__device fsb-flexible-spacer__device--md\" style=\"height:32px\"><\/div><div class=\"fsb-flexible-spacer__device fsb-flexible-spacer__device--sm\" style=\"height:24px\"><\/div><\/div>\n\n\n<\/div>","protected":false},"excerpt":{"rendered":"","protected":false},"author":1,"featured_media":0,"parent":1905,"menu_order":0,"comment_status":"closed","ping_status":"closed","template":"","meta":[],"acf":[],"yoast_head":"<!-- This site is optimized with the Yoast SEO plugin v20.5 - https:\/\/yoast.com\/wordpress\/plugins\/seo\/ -->\n<title>Achamaq\u2019i\u2019 Ixoqi\u2019 - Sotz\u2019il<\/title>\n<meta name=\"description\" content=\"Promovemos la participaci\u00f3n y el empoderamiento de las Mujeres Ind\u00edgenas desde la igualdad de g\u00e9nero y los valores y principios de la cosmovisi\u00f3n Maya.\" \/>\n<meta name=\"robots\" content=\"index, follow, max-snippet:-1, max-image-preview:large, max-video-preview:-1\" \/>\n<link rel=\"canonical\" href=\"https:\/\/sotzil-guatemaya.org\/myn\/qasamaj\/achamaqi-ixoqi\/\" \/>\n<meta property=\"og:locale\" content=\"en_US\" \/>\n<meta property=\"og:type\" content=\"article\" \/>\n<meta property=\"og:title\" content=\"Achamaq\u2019i\u2019 Ixoqi\u2019 - Sotz\u2019il\" \/>\n<meta property=\"og:description\" content=\"Promovemos la participaci\u00f3n y el empoderamiento de las Mujeres Ind\u00edgenas desde la igualdad de g\u00e9nero y los valores y principios de la cosmovisi\u00f3n Maya.\" \/>\n<meta property=\"og:url\" content=\"https:\/\/sotzil-guatemaya.org\/myn\/qasamaj\/achamaqi-ixoqi\/\" \/>\n<meta property=\"og:site_name\" content=\"Sotz\u2019il\" \/>\n<meta property=\"article:publisher\" content=\"https:\/\/www.facebook.com\/Sotzil\" \/>\n<meta property=\"article:modified_time\" content=\"2023-02-24T01:53:25+00:00\" \/>\n<meta property=\"og:image\" content=\"https:\/\/sotzil-guatemaya.org\/wp-content\/uploads\/2023\/02\/grupo-de-mujeres-indigenas-reunidas-en-una-charla-internacional.jpeg\" \/>\n<meta name=\"twitter:card\" content=\"summary_large_image\" \/>\n<meta name=\"twitter:site\" content=\"@SOTZIL_MAYA\" \/>\n<meta name=\"twitter:label1\" content=\"Est. reading time\" \/>\n\t<meta name=\"twitter:data1\" content=\"2 minutes\" \/>\n<script type=\"application\/ld+json\" class=\"yoast-schema-graph\">{\"@context\":\"https:\/\/schema.org\",\"@graph\":[{\"@type\":\"WebPage\",\"@id\":\"https:\/\/sotzil-guatemaya.org\/myn\/qasamaj\/achamaqi-ixoqi\/\",\"url\":\"https:\/\/sotzil-guatemaya.org\/myn\/qasamaj\/achamaqi-ixoqi\/\",\"name\":\"Achamaq\u2019i\u2019 Ixoqi\u2019 - Sotz\u2019il\",\"isPartOf\":{\"@id\":\"https:\/\/sotzil-guatemaya.org\/myn\/#website\"},\"datePublished\":\"2023-01-11T23:48:02+00:00\",\"dateModified\":\"2023-02-24T01:53:25+00:00\",\"description\":\"Promovemos la participaci\u00f3n y el empoderamiento de las Mujeres Ind\u00edgenas desde la igualdad de g\u00e9nero y los valores y principios de la cosmovisi\u00f3n Maya.\",\"breadcrumb\":{\"@id\":\"https:\/\/sotzil-guatemaya.org\/myn\/qasamaj\/achamaqi-ixoqi\/#breadcrumb\"},\"inLanguage\":\"myn-GT\",\"potentialAction\":[{\"@type\":\"ReadAction\",\"target\":[\"https:\/\/sotzil-guatemaya.org\/myn\/qasamaj\/achamaqi-ixoqi\/\"]}]},{\"@type\":\"BreadcrumbList\",\"@id\":\"https:\/\/sotzil-guatemaya.org\/myn\/qasamaj\/achamaqi-ixoqi\/#breadcrumb\",\"itemListElement\":[{\"@type\":\"ListItem\",\"position\":1,\"name\":\"Home\",\"item\":\"https:\/\/sotzil-guatemaya.org\/myn\/\"},{\"@type\":\"ListItem\",\"position\":2,\"name\":\"Qasamaj\",\"item\":\"https:\/\/sotzil-guatemaya.org\/myn\/qasamaj\/\"},{\"@type\":\"ListItem\",\"position\":3,\"name\":\"Achamaq\u2019i\u2019 Ixoqi\u2019\"}]},{\"@type\":\"WebSite\",\"@id\":\"https:\/\/sotzil-guatemaya.org\/myn\/#website\",\"url\":\"https:\/\/sotzil-guatemaya.org\/myn\/\",\"name\":\"Sotz\u2019il\",\"description\":\"Somos una organizaci\u00f3n ind\u00edgena sustentada en principios y valores de la cosmovisi\u00f3n maya.\",\"publisher\":{\"@id\":\"https:\/\/sotzil-guatemaya.org\/myn\/#organization\"},\"potentialAction\":[{\"@type\":\"SearchAction\",\"target\":{\"@type\":\"EntryPoint\",\"urlTemplate\":\"https:\/\/sotzil-guatemaya.org\/myn\/?s={search_term_string}\"},\"query-input\":\"required name=search_term_string\"}],\"inLanguage\":\"myn-GT\"},{\"@type\":\"Organization\",\"@id\":\"https:\/\/sotzil-guatemaya.org\/myn\/#organization\",\"name\":\"Sotz\u2019il\",\"url\":\"https:\/\/sotzil-guatemaya.org\/myn\/\",\"logo\":{\"@type\":\"ImageObject\",\"inLanguage\":\"myn-GT\",\"@id\":\"https:\/\/sotzil-guatemaya.org\/myn\/#\/schema\/logo\/image\/\",\"url\":\"https:\/\/sotzil-guatemaya.org\/wp-content\/uploads\/2022\/12\/logo.png\",\"contentUrl\":\"https:\/\/sotzil-guatemaya.org\/wp-content\/uploads\/2022\/12\/logo.png\",\"width\":854,\"height\":306,\"caption\":\"Sotz\u2019il\"},\"image\":{\"@id\":\"https:\/\/sotzil-guatemaya.org\/myn\/#\/schema\/logo\/image\/\"},\"sameAs\":[\"https:\/\/www.facebook.com\/Sotzil\",\"https:\/\/twitter.com\/SOTZIL_MAYA\",\"https:\/\/www.youtube.com\/@sotzilguatemaya6898\"]}]}<\/script>\n<!-- \/ Yoast SEO plugin. -->","yoast_head_json":{"title":"Achamaq\u2019i\u2019 Ixoqi\u2019 - Sotz\u2019il","description":"Promovemos la participaci\u00f3n y el empoderamiento de las Mujeres Ind\u00edgenas desde la igualdad de g\u00e9nero y los valores y principios de la cosmovisi\u00f3n Maya.","robots":{"index":"index","follow":"follow","max-snippet":"max-snippet:-1","max-image-preview":"max-image-preview:large","max-video-preview":"max-video-preview:-1"},"canonical":"https:\/\/sotzil-guatemaya.org\/myn\/qasamaj\/achamaqi-ixoqi\/","og_locale":"en_US","og_type":"article","og_title":"Achamaq\u2019i\u2019 Ixoqi\u2019 - Sotz\u2019il","og_description":"Promovemos la participaci\u00f3n y el empoderamiento de las Mujeres Ind\u00edgenas desde la igualdad de g\u00e9nero y los valores y principios de la cosmovisi\u00f3n Maya.","og_url":"https:\/\/sotzil-guatemaya.org\/myn\/qasamaj\/achamaqi-ixoqi\/","og_site_name":"Sotz\u2019il","article_publisher":"https:\/\/www.facebook.com\/Sotzil","article_modified_time":"2023-02-24T01:53:25+00:00","og_image":[{"url":"https:\/\/sotzil-guatemaya.org\/wp-content\/uploads\/2023\/02\/grupo-de-mujeres-indigenas-reunidas-en-una-charla-internacional.jpeg"}],"twitter_card":"summary_large_image","twitter_site":"@SOTZIL_MAYA","twitter_misc":{"Est. reading time":"2 minutes"},"schema":{"@context":"https:\/\/schema.org","@graph":[{"@type":"WebPage","@id":"https:\/\/sotzil-guatemaya.org\/myn\/qasamaj\/achamaqi-ixoqi\/","url":"https:\/\/sotzil-guatemaya.org\/myn\/qasamaj\/achamaqi-ixoqi\/","name":"Achamaq\u2019i\u2019 Ixoqi\u2019 - Sotz\u2019il","isPartOf":{"@id":"https:\/\/sotzil-guatemaya.org\/myn\/#website"},"datePublished":"2023-01-11T23:48:02+00:00","dateModified":"2023-02-24T01:53:25+00:00","description":"Promovemos la participaci\u00f3n y el empoderamiento de las Mujeres Ind\u00edgenas desde la igualdad de g\u00e9nero y los valores y principios de la cosmovisi\u00f3n Maya.","breadcrumb":{"@id":"https:\/\/sotzil-guatemaya.org\/myn\/qasamaj\/achamaqi-ixoqi\/#breadcrumb"},"inLanguage":"myn-GT","potentialAction":[{"@type":"ReadAction","target":["https:\/\/sotzil-guatemaya.org\/myn\/qasamaj\/achamaqi-ixoqi\/"]}]},{"@type":"BreadcrumbList","@id":"https:\/\/sotzil-guatemaya.org\/myn\/qasamaj\/achamaqi-ixoqi\/#breadcrumb","itemListElement":[{"@type":"ListItem","position":1,"name":"Home","item":"https:\/\/sotzil-guatemaya.org\/myn\/"},{"@type":"ListItem","position":2,"name":"Qasamaj","item":"https:\/\/sotzil-guatemaya.org\/myn\/qasamaj\/"},{"@type":"ListItem","position":3,"name":"Achamaq\u2019i\u2019 Ixoqi\u2019"}]},{"@type":"WebSite","@id":"https:\/\/sotzil-guatemaya.org\/myn\/#website","url":"https:\/\/sotzil-guatemaya.org\/myn\/","name":"Sotz\u2019il","description":"Somos una organizaci\u00f3n ind\u00edgena sustentada en principios y valores de la cosmovisi\u00f3n maya.","publisher":{"@id":"https:\/\/sotzil-guatemaya.org\/myn\/#organization"},"potentialAction":[{"@type":"SearchAction","target":{"@type":"EntryPoint","urlTemplate":"https:\/\/sotzil-guatemaya.org\/myn\/?s={search_term_string}"},"query-input":"required name=search_term_string"}],"inLanguage":"myn-GT"},{"@type":"Organization","@id":"https:\/\/sotzil-guatemaya.org\/myn\/#organization","name":"Sotz\u2019il","url":"https:\/\/sotzil-guatemaya.org\/myn\/","logo":{"@type":"ImageObject","inLanguage":"myn-GT","@id":"https:\/\/sotzil-guatemaya.org\/myn\/#\/schema\/logo\/image\/","url":"https:\/\/sotzil-guatemaya.org\/wp-content\/uploads\/2022\/12\/logo.png","contentUrl":"https:\/\/sotzil-guatemaya.org\/wp-content\/uploads\/2022\/12\/logo.png","width":854,"height":306,"caption":"Sotz\u2019il"},"image":{"@id":"https:\/\/sotzil-guatemaya.org\/myn\/#\/schema\/logo\/image\/"},"sameAs":["https:\/\/www.facebook.com\/Sotzil","https:\/\/twitter.com\/SOTZIL_MAYA","https:\/\/www.youtube.com\/@sotzilguatemaya6898"]}]}},"_links":{"self":[{"href":"https:\/\/sotzil-guatemaya.org\/myn\/wp-json\/wp\/v2\/pages\/1972"}],"collection":[{"href":"https:\/\/sotzil-guatemaya.org\/myn\/wp-json\/wp\/v2\/pages"}],"about":[{"href":"https:\/\/sotzil-guatemaya.org\/myn\/wp-json\/wp\/v2\/types\/page"}],"author":[{"embeddable":true,"href":"https:\/\/sotzil-guatemaya.org\/myn\/wp-json\/wp\/v2\/users\/1"}],"replies":[{"embeddable":true,"href":"https:\/\/sotzil-guatemaya.org\/myn\/wp-json\/wp\/v2\/comments?post=1972"}],"version-history":[{"count":2,"href":"https:\/\/sotzil-guatemaya.org\/myn\/wp-json\/wp\/v2\/pages\/1972\/revisions"}],"predecessor-version":[{"id":2123,"href":"https:\/\/sotzil-guatemaya.org\/myn\/wp-json\/wp\/v2\/pages\/1972\/revisions\/2123"}],"up":[{"embeddable":true,"href":"https:\/\/sotzil-guatemaya.org\/myn\/wp-json\/wp\/v2\/pages\/1905"}],"wp:attachment":[{"href":"https:\/\/sotzil-guatemaya.org\/myn\/wp-json\/wp\/v2\/media?parent=1972"}],"curies":[{"name":"wp","href":"https:\/\/api.w.org\/{rel}","templated":true}]}}