{"id":1999,"date":"2023-01-01T13:13:06","date_gmt":"2023-01-01T19:13:06","guid":{"rendered":"https:\/\/sotzil-guatemaya.org\/plataforma-naoj\/"},"modified":"2023-02-26T15:56:27","modified_gmt":"2023-02-26T21:56:27","slug":"tzalamawach-richin-natijoj-awi","status":"publish","type":"page","link":"https:\/\/sotzil-guatemaya.org\/myn\/tzalamawach-richin-natijoj-awi\/","title":{"rendered":"Tz\u2019alamaw\u00e4ch richin natijoj awi\u2019"},"content":{"rendered":"\n<div class=\"wp-block-cover is-light\" style=\"padding-top:0;padding-right:0;padding-bottom:0;padding-left:0;min-height:50px\"><span aria-hidden=\"true\" class=\"wp-block-cover__background has-background-dim-100 has-background-dim\" style=\"background-color:#c48f27\"><\/span><div class=\"wp-block-cover__inner-container\">\n<div class=\"wp-block-cover is-light is-repeated\" style=\"padding-top:0;padding-right:0;padding-bottom:0;padding-left:0;min-height:50px\"><span aria-hidden=\"true\" class=\"wp-block-cover__background has-background-dim-70 has-background-dim\" style=\"background-color:#c48f27\"><\/span><div role=\"img\" class=\"wp-block-cover__image-background wp-image-134 is-repeated\" style=\"background-position:50% 50%;background-image:url(https:\/\/sotzil-guatemaya.org\/wp-content\/uploads\/2022\/12\/textura01.png)\"><\/div><div class=\"wp-block-cover__inner-container\">\n<div aria-hidden=\"true\" class=\"wp-block-fsb-flexible-spacer fsb-flexible-spacer\"><div class=\"fsb-flexible-spacer__device fsb-flexible-spacer__device--lg\" style=\"height:74px\"><\/div><div class=\"fsb-flexible-spacer__device fsb-flexible-spacer__device--md\" style=\"height:64px\"><\/div><div class=\"fsb-flexible-spacer__device fsb-flexible-spacer__device--sm\" style=\"height:64px\"><\/div><\/div>\n\n\n<section id=\"block_81e2d2a9cf881fc9130152a4f15a543b\" class=\"section hero-title \">\n  <div class=\"container--medium\">\n    <h1 class=\"hero-title__text\"  style=\"color: #ffffff;\" >\n      Tz\u2019alamaw\u00e4ch richin natijoj awi\u2019    <\/h1>\n      <\/div>\n<\/section>\n\n\n<div aria-hidden=\"true\" class=\"wp-block-fsb-flexible-spacer fsb-flexible-spacer\"><div class=\"fsb-flexible-spacer__device fsb-flexible-spacer__device--lg\" style=\"height:24px\"><\/div><div class=\"fsb-flexible-spacer__device fsb-flexible-spacer__device--md\" style=\"height:24px\"><\/div><div class=\"fsb-flexible-spacer__device fsb-flexible-spacer__device--sm\" style=\"height:24px\"><\/div><\/div>\n\n\n<section id=\"block_85b98715a0ca457a45ad2e4713eca7c2\" class=\"section hero-text \">\n  <div class=\"container--small\">\n    <div class=\"hero-text__text\">\n      <p style=\"text-align: center\"><span style=\"color: #ffffff\">Tawetamaj pa ruwi\u2019 ri REDD+, retal rusamaj, rub\u2019anob\u2019al, rub\u2019eyal nsam\u00e4j, rub\u2019anikil nkisamajij ri pw\u00e4q chuqa\u2019 ruchuq\u2019a\u2019 retamab\u2019al, ri na\u2019oj kisamajin chuqa\u2019 ri loq\u2019k\u2019ayij ri aq\u2019aq\u2019il pa ronojel rulewal, chupam ri tzalamaw\u00e4ch richin Na\u2019oj ja ri kichin ri Achamaq\u2019i\u2019 Tinam\u00eft.<\/span><\/p>\n    <\/div>\n  <\/div>\n<\/section>\n\n\n<div aria-hidden=\"true\" class=\"wp-block-fsb-flexible-spacer fsb-flexible-spacer\"><div class=\"fsb-flexible-spacer__device fsb-flexible-spacer__device--lg\" style=\"height:90px\"><\/div><div class=\"fsb-flexible-spacer__device fsb-flexible-spacer__device--md\" style=\"height:64px\"><\/div><div class=\"fsb-flexible-spacer__device fsb-flexible-spacer__device--sm\" style=\"height:64px\"><\/div><\/div>\n<\/div><\/div>\n\n\n<section id=\"block_ee831e988ab7e10aed4134d5376b820c\" class=\"section icon-section \">\n  <img decoding=\"async\" loading=\"lazy\" src=\"https:\/\/sotzil-guatemaya.org\/wp-content\/uploads\/2023\/01\/etiqueta-flecha-cafe-oscuro.png\" alt=\"\">\n<\/section><\/div><\/div>\n\n\n\n<div class=\"wp-block-cover is-light\" style=\"padding-top:0;padding-right:0;padding-bottom:0;padding-left:0;min-height:50px\"><span aria-hidden=\"true\" class=\"wp-block-cover__background has-sotzil-cane-background-color has-background-dim-100 has-background-dim\"><\/span><div class=\"wp-block-cover__inner-container\">\n<div class=\"wp-block-cover\" style=\"padding-top:0;padding-right:0;padding-bottom:0;padding-left:0;min-height:50px\"><span aria-hidden=\"true\" class=\"wp-block-cover__background has-background-dim-0 has-background-dim\"><\/span><img decoding=\"async\" loading=\"lazy\" width=\"1920\" height=\"473\" class=\"wp-block-cover__image-background wp-image-851\" alt=\"\" src=\"https:\/\/sotzil-guatemaya.org\/wp-content\/uploads\/2023\/01\/bg-doble.png\" data-object-fit=\"cover\"\/><div class=\"wp-block-cover__inner-container\">\n<div aria-hidden=\"true\" class=\"wp-block-fsb-flexible-spacer fsb-flexible-spacer\"><div class=\"fsb-flexible-spacer__device fsb-flexible-spacer__device--lg\" style=\"height:104px\"><\/div><div class=\"fsb-flexible-spacer__device fsb-flexible-spacer__device--md\" style=\"height:84px\"><\/div><div class=\"fsb-flexible-spacer__device fsb-flexible-spacer__device--sm\" style=\"height:64px\"><\/div><\/div>\n\n\n\n<div class=\"wp-block-buttons is-content-justification-center is-layout-flex wp-container-1\">\n<div class=\"wp-block-button\"><a class=\"wp-block-button__link has-black-color has-luminous-vivid-amber-background-color has-text-color has-background wp-element-button\" href=\"https:\/\/www.naojapp.org\/\" style=\"padding-top:var(--wp--preset--spacing--50);padding-right:var(--wp--preset--spacing--60);padding-bottom:var(--wp--preset--spacing--50);padding-left:var(--wp--preset--spacing--60)\" target=\"_blank\" rel=\"noreferrer noopener\">Tz\u2019alamaw\u00e4ch richin natijoj awi\u2019<\/a><\/div>\n<\/div>\n\n\n\n<div aria-hidden=\"true\" class=\"wp-block-fsb-flexible-spacer fsb-flexible-spacer\"><div class=\"fsb-flexible-spacer__device fsb-flexible-spacer__device--lg\" style=\"height:104px\"><\/div><div class=\"fsb-flexible-spacer__device fsb-flexible-spacer__device--md\" style=\"height:84px\"><\/div><div class=\"fsb-flexible-spacer__device fsb-flexible-spacer__device--sm\" style=\"height:64px\"><\/div><\/div>\n<\/div><\/div>\n<\/div><\/div>\n","protected":false},"excerpt":{"rendered":"","protected":false},"author":1,"featured_media":0,"parent":0,"menu_order":0,"comment_status":"closed","ping_status":"closed","template":"","meta":[],"acf":[],"yoast_head":"<!-- This site is optimized with the Yoast SEO plugin v20.5 - https:\/\/yoast.com\/wordpress\/plugins\/seo\/ -->\n<title>Tz\u2019alamaw\u00e4ch richin natijoj awi\u2019 - Sotz\u2019il<\/title>\n<meta name=\"description\" content=\"Desde nuestra plataforma educativa Na\u2019oj, dise\u00f1ada para Pueblos Ind\u00edgenas, aprenda sobre REDD+, sus antecedentes, historia, estrategias y mecanismos.\" \/>\n<meta name=\"robots\" content=\"index, follow, max-snippet:-1, max-image-preview:large, max-video-preview:-1\" \/>\n<link rel=\"canonical\" href=\"https:\/\/sotzil-guatemaya.org\/myn\/tzalamawach-richin-natijoj-awi\/\" \/>\n<meta property=\"og:locale\" content=\"en_US\" \/>\n<meta property=\"og:type\" content=\"article\" \/>\n<meta property=\"og:title\" content=\"Tz\u2019alamaw\u00e4ch richin natijoj awi\u2019 - Sotz\u2019il\" \/>\n<meta property=\"og:description\" content=\"Desde nuestra plataforma educativa Na\u2019oj, dise\u00f1ada para Pueblos Ind\u00edgenas, aprenda sobre REDD+, sus antecedentes, historia, estrategias y mecanismos.\" \/>\n<meta property=\"og:url\" content=\"https:\/\/sotzil-guatemaya.org\/myn\/tzalamawach-richin-natijoj-awi\/\" \/>\n<meta property=\"og:site_name\" content=\"Sotz\u2019il\" \/>\n<meta property=\"article:publisher\" content=\"https:\/\/www.facebook.com\/Sotzil\" \/>\n<meta property=\"article:modified_time\" content=\"2023-02-26T21:56:27+00:00\" \/>\n<meta property=\"og:image\" content=\"https:\/\/sotzil-guatemaya.org\/wp-content\/uploads\/2023\/01\/bg-doble.png\" \/>\n<meta name=\"twitter:card\" content=\"summary_large_image\" \/>\n<meta name=\"twitter:site\" content=\"@SOTZIL_MAYA\" \/>\n<meta name=\"twitter:label1\" content=\"Est. reading time\" \/>\n\t<meta name=\"twitter:data1\" content=\"1 minute\" \/>\n<script type=\"application\/ld+json\" class=\"yoast-schema-graph\">{\"@context\":\"https:\/\/schema.org\",\"@graph\":[{\"@type\":\"WebPage\",\"@id\":\"https:\/\/sotzil-guatemaya.org\/myn\/tzalamawach-richin-natijoj-awi\/\",\"url\":\"https:\/\/sotzil-guatemaya.org\/myn\/tzalamawach-richin-natijoj-awi\/\",\"name\":\"Tz\u2019alamaw\u00e4ch richin natijoj awi\u2019 - Sotz\u2019il\",\"isPartOf\":{\"@id\":\"https:\/\/sotzil-guatemaya.org\/myn\/#website\"},\"datePublished\":\"2023-01-01T19:13:06+00:00\",\"dateModified\":\"2023-02-26T21:56:27+00:00\",\"description\":\"Desde nuestra plataforma educativa Na\u2019oj, dise\u00f1ada para Pueblos Ind\u00edgenas, aprenda sobre REDD+, sus antecedentes, historia, estrategias y mecanismos.\",\"breadcrumb\":{\"@id\":\"https:\/\/sotzil-guatemaya.org\/myn\/tzalamawach-richin-natijoj-awi\/#breadcrumb\"},\"inLanguage\":\"myn-GT\",\"potentialAction\":[{\"@type\":\"ReadAction\",\"target\":[\"https:\/\/sotzil-guatemaya.org\/myn\/tzalamawach-richin-natijoj-awi\/\"]}]},{\"@type\":\"BreadcrumbList\",\"@id\":\"https:\/\/sotzil-guatemaya.org\/myn\/tzalamawach-richin-natijoj-awi\/#breadcrumb\",\"itemListElement\":[{\"@type\":\"ListItem\",\"position\":1,\"name\":\"Home\",\"item\":\"https:\/\/sotzil-guatemaya.org\/myn\/\"},{\"@type\":\"ListItem\",\"position\":2,\"name\":\"Tz\u2019alamaw\u00e4ch richin natijoj awi\u2019\"}]},{\"@type\":\"WebSite\",\"@id\":\"https:\/\/sotzil-guatemaya.org\/myn\/#website\",\"url\":\"https:\/\/sotzil-guatemaya.org\/myn\/\",\"name\":\"Sotz\u2019il\",\"description\":\"Somos una organizaci\u00f3n ind\u00edgena sustentada en principios y valores de la cosmovisi\u00f3n maya.\",\"publisher\":{\"@id\":\"https:\/\/sotzil-guatemaya.org\/myn\/#organization\"},\"potentialAction\":[{\"@type\":\"SearchAction\",\"target\":{\"@type\":\"EntryPoint\",\"urlTemplate\":\"https:\/\/sotzil-guatemaya.org\/myn\/?s={search_term_string}\"},\"query-input\":\"required name=search_term_string\"}],\"inLanguage\":\"myn-GT\"},{\"@type\":\"Organization\",\"@id\":\"https:\/\/sotzil-guatemaya.org\/myn\/#organization\",\"name\":\"Sotz\u2019il\",\"url\":\"https:\/\/sotzil-guatemaya.org\/myn\/\",\"logo\":{\"@type\":\"ImageObject\",\"inLanguage\":\"myn-GT\",\"@id\":\"https:\/\/sotzil-guatemaya.org\/myn\/#\/schema\/logo\/image\/\",\"url\":\"https:\/\/sotzil-guatemaya.org\/wp-content\/uploads\/2022\/12\/logo.png\",\"contentUrl\":\"https:\/\/sotzil-guatemaya.org\/wp-content\/uploads\/2022\/12\/logo.png\",\"width\":854,\"height\":306,\"caption\":\"Sotz\u2019il\"},\"image\":{\"@id\":\"https:\/\/sotzil-guatemaya.org\/myn\/#\/schema\/logo\/image\/\"},\"sameAs\":[\"https:\/\/www.facebook.com\/Sotzil\",\"https:\/\/twitter.com\/SOTZIL_MAYA\",\"https:\/\/www.youtube.com\/@sotzilguatemaya6898\"]}]}<\/script>\n<!-- \/ Yoast SEO plugin. -->","yoast_head_json":{"title":"Tz\u2019alamaw\u00e4ch richin natijoj awi\u2019 - Sotz\u2019il","description":"Desde nuestra plataforma educativa Na\u2019oj, dise\u00f1ada para Pueblos Ind\u00edgenas, aprenda sobre REDD+, sus antecedentes, historia, estrategias y mecanismos.","robots":{"index":"index","follow":"follow","max-snippet":"max-snippet:-1","max-image-preview":"max-image-preview:large","max-video-preview":"max-video-preview:-1"},"canonical":"https:\/\/sotzil-guatemaya.org\/myn\/tzalamawach-richin-natijoj-awi\/","og_locale":"en_US","og_type":"article","og_title":"Tz\u2019alamaw\u00e4ch richin natijoj awi\u2019 - Sotz\u2019il","og_description":"Desde nuestra plataforma educativa Na\u2019oj, dise\u00f1ada para Pueblos Ind\u00edgenas, aprenda sobre REDD+, sus antecedentes, historia, estrategias y mecanismos.","og_url":"https:\/\/sotzil-guatemaya.org\/myn\/tzalamawach-richin-natijoj-awi\/","og_site_name":"Sotz\u2019il","article_publisher":"https:\/\/www.facebook.com\/Sotzil","article_modified_time":"2023-02-26T21:56:27+00:00","og_image":[{"url":"https:\/\/sotzil-guatemaya.org\/wp-content\/uploads\/2023\/01\/bg-doble.png"}],"twitter_card":"summary_large_image","twitter_site":"@SOTZIL_MAYA","twitter_misc":{"Est. reading time":"1 minute"},"schema":{"@context":"https:\/\/schema.org","@graph":[{"@type":"WebPage","@id":"https:\/\/sotzil-guatemaya.org\/myn\/tzalamawach-richin-natijoj-awi\/","url":"https:\/\/sotzil-guatemaya.org\/myn\/tzalamawach-richin-natijoj-awi\/","name":"Tz\u2019alamaw\u00e4ch richin natijoj awi\u2019 - Sotz\u2019il","isPartOf":{"@id":"https:\/\/sotzil-guatemaya.org\/myn\/#website"},"datePublished":"2023-01-01T19:13:06+00:00","dateModified":"2023-02-26T21:56:27+00:00","description":"Desde nuestra plataforma educativa Na\u2019oj, dise\u00f1ada para Pueblos Ind\u00edgenas, aprenda sobre REDD+, sus antecedentes, historia, estrategias y mecanismos.","breadcrumb":{"@id":"https:\/\/sotzil-guatemaya.org\/myn\/tzalamawach-richin-natijoj-awi\/#breadcrumb"},"inLanguage":"myn-GT","potentialAction":[{"@type":"ReadAction","target":["https:\/\/sotzil-guatemaya.org\/myn\/tzalamawach-richin-natijoj-awi\/"]}]},{"@type":"BreadcrumbList","@id":"https:\/\/sotzil-guatemaya.org\/myn\/tzalamawach-richin-natijoj-awi\/#breadcrumb","itemListElement":[{"@type":"ListItem","position":1,"name":"Home","item":"https:\/\/sotzil-guatemaya.org\/myn\/"},{"@type":"ListItem","position":2,"name":"Tz\u2019alamaw\u00e4ch richin natijoj awi\u2019"}]},{"@type":"WebSite","@id":"https:\/\/sotzil-guatemaya.org\/myn\/#website","url":"https:\/\/sotzil-guatemaya.org\/myn\/","name":"Sotz\u2019il","description":"Somos una organizaci\u00f3n ind\u00edgena sustentada en principios y valores de la cosmovisi\u00f3n maya.","publisher":{"@id":"https:\/\/sotzil-guatemaya.org\/myn\/#organization"},"potentialAction":[{"@type":"SearchAction","target":{"@type":"EntryPoint","urlTemplate":"https:\/\/sotzil-guatemaya.org\/myn\/?s={search_term_string}"},"query-input":"required name=search_term_string"}],"inLanguage":"myn-GT"},{"@type":"Organization","@id":"https:\/\/sotzil-guatemaya.org\/myn\/#organization","name":"Sotz\u2019il","url":"https:\/\/sotzil-guatemaya.org\/myn\/","logo":{"@type":"ImageObject","inLanguage":"myn-GT","@id":"https:\/\/sotzil-guatemaya.org\/myn\/#\/schema\/logo\/image\/","url":"https:\/\/sotzil-guatemaya.org\/wp-content\/uploads\/2022\/12\/logo.png","contentUrl":"https:\/\/sotzil-guatemaya.org\/wp-content\/uploads\/2022\/12\/logo.png","width":854,"height":306,"caption":"Sotz\u2019il"},"image":{"@id":"https:\/\/sotzil-guatemaya.org\/myn\/#\/schema\/logo\/image\/"},"sameAs":["https:\/\/www.facebook.com\/Sotzil","https:\/\/twitter.com\/SOTZIL_MAYA","https:\/\/www.youtube.com\/@sotzilguatemaya6898"]}]}},"_links":{"self":[{"href":"https:\/\/sotzil-guatemaya.org\/myn\/wp-json\/wp\/v2\/pages\/1999"}],"collection":[{"href":"https:\/\/sotzil-guatemaya.org\/myn\/wp-json\/wp\/v2\/pages"}],"about":[{"href":"https:\/\/sotzil-guatemaya.org\/myn\/wp-json\/wp\/v2\/types\/page"}],"author":[{"embeddable":true,"href":"https:\/\/sotzil-guatemaya.org\/myn\/wp-json\/wp\/v2\/users\/1"}],"replies":[{"embeddable":true,"href":"https:\/\/sotzil-guatemaya.org\/myn\/wp-json\/wp\/v2\/comments?post=1999"}],"version-history":[{"count":3,"href":"https:\/\/sotzil-guatemaya.org\/myn\/wp-json\/wp\/v2\/pages\/1999\/revisions"}],"predecessor-version":[{"id":2194,"href":"https:\/\/sotzil-guatemaya.org\/myn\/wp-json\/wp\/v2\/pages\/1999\/revisions\/2194"}],"wp:attachment":[{"href":"https:\/\/sotzil-guatemaya.org\/myn\/wp-json\/wp\/v2\/media?parent=1999"}],"curies":[{"name":"wp","href":"https:\/\/api.w.org\/{rel}","templated":true}]}}